{"id":1709,"date":"2023-12-12T16:44:43","date_gmt":"2023-12-12T16:44:43","guid":{"rendered":"https:\/\/poseidontours.al\/?page_id=1709"},"modified":"2023-12-20T09:21:18","modified_gmt":"2023-12-20T09:21:18","slug":"tours-new","status":"publish","type":"page","link":"https:\/\/poseidontours.al\/sq\/tours-new\/","title":{"rendered":"Turet"},"content":{"rendered":"<div data-elementor-type=\"wp-page\" data-elementor-id=\"1709\" class=\"elementor elementor-1709\">\n\t\t\t\t\t\t<div class=\"elementor-inner\">\n\t\t\t\t<div class=\"elementor-section-wrap\">\n\t\t\t\t\t\t\t\t\t<section class=\"elementor-section elementor-top-section elementor-element elementor-element-0f2271c elementor-section-full_width elementor-section-height-default elementor-section-height-default row-top\" data-id=\"0f2271c\" data-element_type=\"section\">\n\t\t\t\t\t\t<div class=\"elementor-container elementor-column-gap-default\">\n\t\t\t\t\t\t\t<div class=\"elementor-row\">\n\t\t\t\t\t<div class=\"elementor-column elementor-col-100 elementor-top-column elementor-element elementor-element-bdeb1dd\" data-id=\"bdeb1dd\" data-element_type=\"column\">\n\t\t\t<div class=\"elementor-column-wrap elementor-element-populated\">\n\t\t\t\t\t\t\t<div class=\"elementor-widget-wrap\">\n\t\t\t\t\t\t<div class=\"elementor-element elementor-element-6bcc1b1 elementor-widget__width-inherit elementor-widget elementor-widget-gva_post_breadcrumb\" data-id=\"6bcc1b1\" data-element_type=\"widget\" data-widget_type=\"gva_post_breadcrumb.default\">\n\t\t\t\t<div class=\"elementor-widget-container\">\n\t\t\t<div class=\"gva-element-gva_post_breadcrumb gva-element\">   \r\n<div class=\"post-breadcrumb\">\r\n   <div class=\"custom-breadcrumb\" >\r\n            <div class=\"breadcrumb-main\">\r\n        <div class=\"container\">\r\n          <div class=\"breadcrumb-container-inner\">\r\n            <h2 class=\"heading-title\">Turet<\/h2><ol class=\"breadcrumb\"><li><a href=\"https:\/\/poseidontours.al\/sq\">Home<\/a> <\/li> <li class=\"active\">Faqe<\/li><\/ol>          <\/div>  \r\n        <\/div>   \r\n      <\/div>  \r\n   <\/div>\r\n<\/div>      \r\n\r\n<\/div>\t\t<\/div>\n\t\t\t\t<\/div>\n\t\t\t\t\t\t<\/div>\n\t\t\t\t\t<\/div>\n\t\t<\/div>\n\t\t\t\t\t\t\t\t<\/div>\n\t\t\t\t\t<\/div>\n\t\t<\/section>\n\t\t\t\t<section class=\"elementor-section elementor-top-section elementor-element elementor-element-bc0e80a elementor-section-boxed elementor-section-height-default elementor-section-height-default row-top\" data-id=\"bc0e80a\" data-element_type=\"section\">\n\t\t\t\t\t\t<div class=\"elementor-container elementor-column-gap-default\">\n\t\t\t\t\t\t\t<div class=\"elementor-row\">\n\t\t\t\t\t<div class=\"elementor-column elementor-col-100 elementor-top-column elementor-element elementor-element-5ecd190\" data-id=\"5ecd190\" data-element_type=\"column\">\n\t\t\t<div class=\"elementor-column-wrap elementor-element-populated\">\n\t\t\t\t\t\t\t<div class=\"elementor-widget-wrap\">\n\t\t\t\t\t\t<div class=\"elementor-element elementor-element-1bd1c81 elementor-widget elementor-widget-tourfic-search\" data-id=\"1bd1c81\" data-element_type=\"widget\" data-widget_type=\"tourfic-search.default\">\n\t\t\t\t<div class=\"elementor-widget-container\">\n\t\t\t\n\t    <div id=\"tf-booking-search-tabs\">\n\n\t\t\n\t\t        <!-- Booking Form Tabs -->\n        <div class=\"tf-booking-form-tab\">\n\t\t\t\n\t\t\t\n\t\t\t\n\t\t\t\n\t\t\t        <\/div>\n\n\t\t\n        <!-- Booking Forms -->\n        <div class=\"tf-booking-forms-wrapper\">\n\t\t\t                <div id=\"tf-tour-booking-form\" class=\"tf-tabcontent\" style=\"display:block\">\n\t\t\t\t\t        <form class=\"tf_booking-widget  default-form\" id=\"tf_tour_aval_check\" method=\"get\" autocomplete=\"off\" action=\"https:\/\/poseidontours.al\/sq\/tours-new\/\" data-trp-original-action=\"https:\/\/poseidontours.al\/sq\/tours-new\/\">\n\t\t\t\n            <div class=\"tf_homepage-booking\">\n                <div class=\"tf_destination-wrap\">\n                    <div class=\"tf_input-inner\">\n                        <div class=\"tf_form-row\">\n                            <label class=\"tf_label-row\">\n                                <span class=\"tf-label\">Destination:<\/span>\n                                <div class=\"tf_form-inner tf-d-g\">\n                                    <i class=\"fas fa-search\"><\/i>\n                                    <input type=\"text\" name=\"place-name\" required id=\"tf-destination\" class=\"\" placeholder=\"Enter Destination\" value=\"\">\n                                    <input type=\"hidden\" name=\"place\" id=\"tf-search-tour\" class=\"tf-place-input\"\/><\/div>\n                            <\/label>\n                        <\/div>\n                    <\/div>\n                <\/div>\n\n                <div class=\"tf_selectperson-wrap\">\n                    <div class=\"tf_input-inner\">\n                        <span class=\"tf_person-icon\">\n                            <i class=\"fas fa-user\"><\/i>\n                        <\/span>\n                        <div class=\"adults-text\">1 Adults<\/div>\n\t\t\t\t\t\t                            <div class=\"person-sep\"><\/div>\n                            <div class=\"child-text\">0 Children<\/div>\n\t\t\t\t\t\t                            <div class=\"person-sep\"><\/div>\n                            <div class=\"infant-text\">0 Infant<\/div>\n\t\t\t\t\t\t                    <\/div>\n                    <div class=\"tf_acrselection-wrap\">\n                        <div class=\"tf_acrselection-inner\">\n                            <div class=\"tf_acrselection\">\n                                <div class=\"acr-label\">Adults<\/div>\n                                <div class=\"acr-select\">\n                                    <div class=\"acr-dec\">-<\/div>\n                                    <input type=\"number\" name=\"adults\" id=\"adults\" min=\"1\" value=\"1\">\n                                    <div class=\"acr-inc\">+<\/div>\n                                <\/div>\n                            <\/div>\n\t\t\t\t\t\t\t                                <div class=\"tf_acrselection\">\n                                    <div class=\"acr-label\">Children<\/div>\n                                    <div class=\"acr-select\">\n                                        <div class=\"acr-dec\">-<\/div>\n                                        <input type=\"number\" name=\"children\" id=\"children\" min=\"0\" value=\"0\">\n                                        <div class=\"acr-inc\">+<\/div>\n                                    <\/div>\n                                <\/div>\n\t\t\t\t\t\t\t                                <div class=\"tf_acrselection\">\n                                    <div class=\"acr-label\">Infant<\/div>\n                                    <div class=\"acr-select\">\n                                        <div class=\"acr-dec\">-<\/div>\n                                        <input type=\"number\" name=\"infant\" id=\"infant\" min=\"0\" value=\"0\">\n                                        <div class=\"acr-inc\">+<\/div>\n                                    <\/div>\n                                <\/div>\n\t\t\t\t\t\t\t                        <\/div>\n                    <\/div>\n                <\/div>\n\n                <div class=\"tf_selectdate-wrap\">\n                    <!-- @KK Merged two inputs into one  -->\n                    <div class=\"tf_input-inner\">\n                        <label class=\"tf_label-row\">\n                            <span class=\"tf-label\">Check-in & Check-out date<\/span>\n                            <div class=\"tf_form-inner tf-d-g\">\n                                <i class=\"far fa-calendar-alt\"><\/i>\n                                <input type=\"text\" name=\"check-in-out-date\" id=\"check-in-out-date\" onkeypress=\"return false;\"\n                                       placeholder=\"Zgjidhni Data\" >\n                            <\/div>\n                        <\/label>\n                    <\/div>\n                <\/div>\n\n                <div class=\"tf_submit-wrap\">\n                    <input type=\"hidden\" name=\"type\" value=\"tf_tours\" class=\"tf-post-type\"\/>\n\t\t\t\t\t                    <button class=\"tf_button tf-submit btn-styled\" type=\"submit\">Search<\/button>\n                <\/div>\n\n            <\/div>\n\n        <input type=\"hidden\" name=\"trp-form-language\" value=\"sq\"\/><\/form>\n        <script>\n            (function ($) {\n                $(document).ready(function () {\n\n\t\t\t\t\t$(\"#tf_tour_aval_check #check-in-out-date\").flatpickr({\n\t\t\t\t\t\tenableTime: false,\n\t\t\t\t\t\tmode: \"range\",\n\t\t\t\t\t\taltInput: true,\n\t\t\t\t\t\tdateFormat: \"Y\/m\/d\",\n\t\t\t\t\t\taltFormat: 'Y\/m\/d',\n\t\t\t\t\t\tminDate: \"today\",\n\t\t\t\t\t\tonReady: function(selectedDates, dateStr, instance) {\n\t\t\t\t\t\t\tinstance.element.value = dateStr.replace(\/[a-z]+\/g, '-');\n\t\t\t\t\t\t\tinstance.altInput.value = instance.altInput.value.replace(\/[a-z]+\/g, '-');\n\t\t\t\t\t\t},\n\t\t\t\t\t\tonChange: function(selectedDates, dateStr, instance) {\n\t\t\t\t\t\t\tinstance.element.value = dateStr.replace(\/[a-z]+\/g, '-');\n\t\t\t\t\t\t\tinstance.altInput.value = instance.altInput.value.replace(\/[a-z]+\/g, '-');\n\t\t\t\t\t\t},\n\t\t\t\t\t});\n\n                });\n            })(jQuery);\n        <\/script>\n\t\t                <\/div>\n\t\t\t\t        <\/div>\n\n    <\/div>\n\t\t\t<\/div>\n\t\t\t\t<\/div>\n\t\t\t\t<div class=\"elementor-element elementor-element-99539ec elementor-widget elementor-widget-tour-grid-slider\" data-id=\"99539ec\" data-element_type=\"widget\" data-widget_type=\"tour-grid-slider.default\">\n\t\t\t\t<div class=\"elementor-widget-container\">\n\t\t\t\t        <div class=\"tf-widget-slider recent-tour-slider\">\n            <div class=\"tf-heading\">\n\t\t                    <\/div>\n\n            <div class=\"tf-hotel-grid\">\n\t\t\t\t                    <div class=\"tf-slider-item\" style=\"background-image: url(https:\/\/poseidontours.al\/wp-content\/uploads\/2023\/12\/Drini-i-Bardhe.jpeg);\">\n                        <div class=\"tf-slider-content\">\n                            <div class=\"tf-slider-desc\">\n                                <h3>\n                                    <a href=\"https:\/\/poseidontours.al\/sq\/tours\/kosova-and-albania-tour\/\">Turne ne Kosove dhe Shqiperi<\/a>\n                                <\/h3>\n\t\t\t\t\t\t\t\t                                <p>V\u00ebshtrim i p\u00ebrgjithsh\u00ebm DITA 1 PEJ\u00cb, GJAKOVE, PRIZREN Sot udh\u00ebtojm\u00eb p\u00ebr n\u00eb\u2026<\/p>\n\n                            <\/div>\n                        <\/div>\n                    <\/div>\n\t\t\t\t                    <div class=\"tf-slider-item\" style=\"background-image: url(https:\/\/poseidontours.al\/wp-content\/uploads\/2023\/12\/Riviera-1.jpeg);\">\n                        <div class=\"tf-slider-content\">\n                            <div class=\"tf-slider-desc\">\n                                <h3>\n                                    <a href=\"https:\/\/poseidontours.al\/sq\/tours\/albania-cultural-cities-saranda-beach-stay\/\">Shqip\u00ebria: Qytetet Kulturore &amp; Q\u00ebndrimi n\u00eb Plazhin e Sarand\u00ebs<\/a>\n                                <\/h3>\n\t\t\t\t\t\t\t\t                                <p>P\u00ebrmbledhje Eksploroni Rivier\u00ebn Shqiptare dhe qytetet e UNESCO-s n\u00eb k\u00ebt\u00eb\u2026<\/p>\n\n                            <\/div>\n                        <\/div>\n                    <\/div>\n\t\t\t\t                    <div class=\"tf-slider-item\" style=\"background-image: url(https:\/\/poseidontours.al\/wp-content\/uploads\/2023\/12\/Theth-Shkoder.jpeg);\">\n                        <div class=\"tf-slider-content\">\n                            <div class=\"tf-slider-desc\">\n                                <h3>\n                                    <a href=\"https:\/\/poseidontours.al\/sq\/tours\/day-grand-tour-from-northern-mountains-to-south-riviera\/\">Turneu i Madh Ditor Nga Malet Veriore n\u00eb Rivier\u00ebn Jugore<\/a>\n                                <\/h3>\n\t\t\t\t\t\t\t\t                                <p>P\u00ebrmbledhje N\u00eb k\u00ebt\u00eb program 12 ditor, ne do t'ju prezantojm\u00eb\u2026<\/p>\n\n                            <\/div>\n                        <\/div>\n                    <\/div>\n\t\t\t\t                    <div class=\"tf-slider-item\" style=\"background-image: url(https:\/\/poseidontours.al\/wp-content\/uploads\/2023\/12\/Riviera-2.jpeg);\">\n                        <div class=\"tf-slider-content\">\n                            <div class=\"tf-slider-desc\">\n                                <h3>\n                                    <a href=\"https:\/\/poseidontours.al\/sq\/tours\/best-of-albania-and-local-food-tour\/\">Turne me te mira te Shqiperise dhe Ushqimit Lokal<\/a>\n                                <\/h3>\n\t\t\t\t\t\t\t\t                                <p>V\u00ebshtrim i p\u00ebrgjithsh\u00ebm N\u00eb k\u00ebt\u00eb turne ju mund t\u00eb zbuloni nj\u00eb nga\u2026<\/p>\n\n                            <\/div>\n                        <\/div>\n                    <\/div>\n\t\t\t\t            <\/div>\n        <\/div>\n\t\t\t<\/div>\n\t\t\t\t<\/div>\n\t\t\t\t\t\t<\/div>\n\t\t\t\t\t<\/div>\n\t\t<\/div>\n\t\t\t\t\t\t\t\t<\/div>\n\t\t\t\t\t<\/div>\n\t\t<\/section>\n\t\t\t\t\t\t\t\t\t<\/div>\n\t\t\t<\/div>\n\t\t\t\t\t<\/div>","protected":false},"excerpt":{"rendered":"<p>Tours Home Page Destination: 1 Adults 0 Children 0 Infant Adults &#8211; + Children &#8211; + Infant &#8211; + Check-in &#038; Check-out date Search Kosova and Albania Tour Overview DAY&#8230;<\/p>","protected":false},"author":1,"featured_media":0,"parent":0,"menu_order":0,"comment_status":"closed","ping_status":"closed","template":"","meta":{"footnotes":""},"yoast_head":"<!-- This site is optimized with the Yoast SEO plugin v21.7 - https:\/\/yoast.com\/wordpress\/plugins\/seo\/ -->\n<title>Tours - Poseidon<\/title>\n<meta name=\"robots\" content=\"index, follow, max-snippet:-1, max-image-preview:large, max-video-preview:-1\" \/>\n<link rel=\"canonical\" href=\"https:\/\/poseidontours.al\/sq\/tours-new\/\" \/>\n<meta property=\"og:locale\" content=\"sq_AL\" \/>\n<meta property=\"og:type\" content=\"article\" \/>\n<meta property=\"og:title\" content=\"Tours - Poseidon\" \/>\n<meta property=\"og:description\" content=\"Tours Home Page Destination: 1 Adults 0 Children 0 Infant Adults &#8211; + Children &#8211; + Infant &#8211; + Check-in &#038; Check-out date Search Kosova and Albania Tour Overview DAY...\" \/>\n<meta property=\"og:url\" content=\"https:\/\/poseidontours.al\/sq\/tours-new\/\" \/>\n<meta property=\"og:site_name\" content=\"Poseidon\" \/>\n<meta property=\"article:publisher\" content=\"https:\/\/www.facebook.com\/profile.php?id=100003494104939&amp;mibextid=ZbWKwL\" \/>\n<meta property=\"article:modified_time\" content=\"2023-12-20T09:21:18+00:00\" \/>\n<meta name=\"twitter:card\" content=\"summary_large_image\" \/>\n<meta name=\"twitter:label1\" content=\"Est. reading time\" \/>\n\t<meta name=\"twitter:data1\" content=\"1 minut\u00eb\" \/>\n<script type=\"application\/ld+json\" class=\"yoast-schema-graph\">{\"@context\":\"https:\/\/schema.org\",\"@graph\":[{\"@type\":\"WebPage\",\"@id\":\"https:\/\/poseidontours.al\/tours-new\/\",\"url\":\"https:\/\/poseidontours.al\/tours-new\/\",\"name\":\"Tours - Poseidon\",\"isPartOf\":{\"@id\":\"https:\/\/poseidontours.al\/#website\"},\"datePublished\":\"2023-12-12T16:44:43+00:00\",\"dateModified\":\"2023-12-20T09:21:18+00:00\",\"breadcrumb\":{\"@id\":\"https:\/\/poseidontours.al\/tours-new\/#breadcrumb\"},\"inLanguage\":\"sq\",\"potentialAction\":[{\"@type\":\"ReadAction\",\"target\":[\"https:\/\/poseidontours.al\/tours-new\/\"]}]},{\"@type\":\"BreadcrumbList\",\"@id\":\"https:\/\/poseidontours.al\/tours-new\/#breadcrumb\",\"itemListElement\":[{\"@type\":\"ListItem\",\"position\":1,\"name\":\"Home\",\"item\":\"https:\/\/poseidontours.al\/\"},{\"@type\":\"ListItem\",\"position\":2,\"name\":\"Tours\"}]},{\"@type\":\"WebSite\",\"@id\":\"https:\/\/poseidontours.al\/#website\",\"url\":\"https:\/\/poseidontours.al\/\",\"name\":\"Poseidon\",\"description\":\"Welcome to our Trip and Tour Agency.\",\"publisher\":{\"@id\":\"https:\/\/poseidontours.al\/#organization\"},\"potentialAction\":[{\"@type\":\"SearchAction\",\"target\":{\"@type\":\"EntryPoint\",\"urlTemplate\":\"https:\/\/poseidontours.al\/?s={search_term_string}\"},\"query-input\":\"required name=search_term_string\"}],\"inLanguage\":\"sq\"},{\"@type\":\"Organization\",\"@id\":\"https:\/\/poseidontours.al\/#organization\",\"name\":\"Poseidon\",\"url\":\"https:\/\/poseidontours.al\/\",\"logo\":{\"@type\":\"ImageObject\",\"inLanguage\":\"sq\",\"@id\":\"https:\/\/poseidontours.al\/#\/schema\/logo\/image\/\",\"url\":\"http:\/\/poseidontours.al\/wp-content\/uploads\/2023\/10\/Asset-2.png\",\"contentUrl\":\"http:\/\/poseidontours.al\/wp-content\/uploads\/2023\/10\/Asset-2.png\",\"width\":2712,\"height\":1433,\"caption\":\"Poseidon\"},\"image\":{\"@id\":\"https:\/\/poseidontours.al\/#\/schema\/logo\/image\/\"},\"sameAs\":[\"https:\/\/www.facebook.com\/profile.php?id=100003494104939&mibextid=ZbWKwL\"]}]}<\/script>\n<!-- \/ Yoast SEO plugin. -->","yoast_head_json":{"title":"Tours - Poseidon","robots":{"index":"index","follow":"follow","max-snippet":"max-snippet:-1","max-image-preview":"max-image-preview:large","max-video-preview":"max-video-preview:-1"},"canonical":"https:\/\/poseidontours.al\/sq\/tours-new\/","og_locale":"sq_AL","og_type":"article","og_title":"Tours - Poseidon","og_description":"Tours Home Page Destination: 1 Adults 0 Children 0 Infant Adults &#8211; + Children &#8211; + Infant &#8211; + Check-in &#038; Check-out date Search Kosova and Albania Tour Overview DAY...","og_url":"https:\/\/poseidontours.al\/sq\/tours-new\/","og_site_name":"Poseidon","article_publisher":"https:\/\/www.facebook.com\/profile.php?id=100003494104939&mibextid=ZbWKwL","article_modified_time":"2023-12-20T09:21:18+00:00","twitter_card":"summary_large_image","twitter_misc":{"Est. reading time":"1 minut\u00eb"},"schema":{"@context":"https:\/\/schema.org","@graph":[{"@type":"WebPage","@id":"https:\/\/poseidontours.al\/tours-new\/","url":"https:\/\/poseidontours.al\/tours-new\/","name":"Tours - Poseidon","isPartOf":{"@id":"https:\/\/poseidontours.al\/#website"},"datePublished":"2023-12-12T16:44:43+00:00","dateModified":"2023-12-20T09:21:18+00:00","breadcrumb":{"@id":"https:\/\/poseidontours.al\/tours-new\/#breadcrumb"},"inLanguage":"sq","potentialAction":[{"@type":"ReadAction","target":["https:\/\/poseidontours.al\/tours-new\/"]}]},{"@type":"BreadcrumbList","@id":"https:\/\/poseidontours.al\/tours-new\/#breadcrumb","itemListElement":[{"@type":"ListItem","position":1,"name":"Home","item":"https:\/\/poseidontours.al\/"},{"@type":"ListItem","position":2,"name":"Tours"}]},{"@type":"WebSite","@id":"https:\/\/poseidontours.al\/#website","url":"https:\/\/poseidontours.al\/","name":"Poseidon","description":"Welcome to our Trip and Tour Agency.","publisher":{"@id":"https:\/\/poseidontours.al\/#organization"},"potentialAction":[{"@type":"SearchAction","target":{"@type":"EntryPoint","urlTemplate":"https:\/\/poseidontours.al\/?s={search_term_string}"},"query-input":"required name=search_term_string"}],"inLanguage":"sq"},{"@type":"Organization","@id":"https:\/\/poseidontours.al\/#organization","name":"Poseidon","url":"https:\/\/poseidontours.al\/","logo":{"@type":"ImageObject","inLanguage":"sq","@id":"https:\/\/poseidontours.al\/#\/schema\/logo\/image\/","url":"http:\/\/poseidontours.al\/wp-content\/uploads\/2023\/10\/Asset-2.png","contentUrl":"http:\/\/poseidontours.al\/wp-content\/uploads\/2023\/10\/Asset-2.png","width":2712,"height":1433,"caption":"Poseidon"},"image":{"@id":"https:\/\/poseidontours.al\/#\/schema\/logo\/image\/"},"sameAs":["https:\/\/www.facebook.com\/profile.php?id=100003494104939&mibextid=ZbWKwL"]}]}},"_links":{"self":[{"href":"https:\/\/poseidontours.al\/sq\/wp-json\/wp\/v2\/pages\/1709"}],"collection":[{"href":"https:\/\/poseidontours.al\/sq\/wp-json\/wp\/v2\/pages"}],"about":[{"href":"https:\/\/poseidontours.al\/sq\/wp-json\/wp\/v2\/types\/page"}],"author":[{"embeddable":true,"href":"https:\/\/poseidontours.al\/sq\/wp-json\/wp\/v2\/users\/1"}],"replies":[{"embeddable":true,"href":"https:\/\/poseidontours.al\/sq\/wp-json\/wp\/v2\/comments?post=1709"}],"version-history":[{"count":12,"href":"https:\/\/poseidontours.al\/sq\/wp-json\/wp\/v2\/pages\/1709\/revisions"}],"predecessor-version":[{"id":1855,"href":"https:\/\/poseidontours.al\/sq\/wp-json\/wp\/v2\/pages\/1709\/revisions\/1855"}],"wp:attachment":[{"href":"https:\/\/poseidontours.al\/sq\/wp-json\/wp\/v2\/media?parent=1709"}],"curies":[{"name":"wp","href":"https:\/\/api.w.org\/{rel}","templated":true}]}}