{"id":21,"date":"2020-12-08T03:53:12","date_gmt":"2020-12-08T03:53:12","guid":{"rendered":"https:\/\/gaviaspreview.com\/wp\/tevily\/?page_id=21"},"modified":"2023-12-27T14:42:40","modified_gmt":"2023-12-27T14:42:40","slug":"about","status":"publish","type":"page","link":"https:\/\/poseidontours.al\/sq\/about\/","title":{"rendered":"Rreth Nesh"},"content":{"rendered":"<div data-elementor-type=\"wp-page\" data-elementor-id=\"21\" class=\"elementor elementor-21\">\n\t\t\t\t\t\t<div class=\"elementor-inner\">\n\t\t\t\t<div class=\"elementor-section-wrap\">\n\t\t\t\t\t\t\t\t\t<section class=\"elementor-section elementor-top-section elementor-element elementor-element-027b947 elementor-section-full_width elementor-section-height-default elementor-section-height-default row-top\" data-id=\"027b947\" data-element_type=\"section\">\n\t\t\t\t\t\t<div class=\"elementor-container elementor-column-gap-default\">\n\t\t\t\t\t\t\t<div class=\"elementor-row\">\n\t\t\t\t\t<div class=\"elementor-column elementor-col-100 elementor-top-column elementor-element elementor-element-d0bf791\" data-id=\"d0bf791\" data-element_type=\"column\">\n\t\t\t<div class=\"elementor-column-wrap elementor-element-populated\">\n\t\t\t\t\t\t\t<div class=\"elementor-widget-wrap\">\n\t\t\t\t\t\t<div class=\"elementor-element elementor-element-41e2072 elementor-widget elementor-widget-gva_post_breadcrumb\" data-id=\"41e2072\" data-element_type=\"widget\" data-widget_type=\"gva_post_breadcrumb.default\">\n\t\t\t\t<div class=\"elementor-widget-container\">\n\t\t\t<div class=\"gva-element-gva_post_breadcrumb gva-element\">   \r\n<div class=\"post-breadcrumb\">\r\n   <div class=\"custom-breadcrumb\" >\r\n            <div class=\"breadcrumb-main\">\r\n        <div class=\"container\">\r\n          <div class=\"breadcrumb-container-inner\">\r\n            <h2 class=\"heading-title\">Rreth Nesh<\/h2><ol class=\"breadcrumb\"><li><a href=\"https:\/\/poseidontours.al\/sq\">Home<\/a> <\/li> <li class=\"active\">Faqe<\/li><\/ol>          <\/div>  \r\n        <\/div>   \r\n      <\/div>  \r\n   <\/div>\r\n<\/div>      \r\n\r\n<\/div>\t\t<\/div>\n\t\t\t\t<\/div>\n\t\t\t\t\t\t<\/div>\n\t\t\t\t\t<\/div>\n\t\t<\/div>\n\t\t\t\t\t\t\t\t<\/div>\n\t\t\t\t\t<\/div>\n\t\t<\/section>\n\t\t\t\t<section class=\"elementor-section elementor-top-section elementor-element elementor-element-cfe9709 elementor-section-boxed elementor-section-height-default elementor-section-height-default row-top\" data-id=\"cfe9709\" data-element_type=\"section\">\n\t\t\t\t\t\t<div class=\"elementor-container elementor-column-gap-default\">\n\t\t\t\t\t\t\t<div class=\"elementor-row\">\n\t\t\t\t\t<div class=\"elementor-column elementor-col-50 elementor-top-column elementor-element elementor-element-bdc7059\" data-id=\"bdc7059\" data-element_type=\"column\">\n\t\t\t<div class=\"elementor-column-wrap elementor-element-populated\">\n\t\t\t\t\t\t\t<div class=\"elementor-widget-wrap\">\n\t\t\t\t\t\t<div class=\"elementor-element elementor-element-be60f00 elementor-widget elementor-widget-image\" data-id=\"be60f00\" data-element_type=\"widget\" data-widget_type=\"image.default\">\n\t\t\t\t<div class=\"elementor-widget-container\">\n\t\t\t<style>\/*! elementor - v3.18.0 - 08-12-2023 *\/\n.elementor-widget-image{text-align:center}.elementor-widget-image a{display:inline-block}.elementor-widget-image a img[src$=\".svg\"]{width:48px}.elementor-widget-image img{vertical-align:middle;display:inline-block}<\/style>\t\t\t\t\t<div class=\"elementor-image\">\n\t\t\t\t\t\t\t\t\t\t\t\t<img fetchpriority=\"high\" decoding=\"async\" width=\"736\" height=\"981\" src=\"https:\/\/poseidontours.al\/wp-content\/uploads\/2023\/12\/Benje-Permet.jpeg\" class=\"attachment-full size-full wp-image-1808\" alt=\"\" srcset=\"https:\/\/poseidontours.al\/wp-content\/uploads\/2023\/12\/Benje-Permet.jpeg 736w, https:\/\/poseidontours.al\/wp-content\/uploads\/2023\/12\/Benje-Permet-9x12.jpeg 9w\" sizes=\"(max-width: 736px) 100vw, 736px\" \/>\t\t\t\t\t\t\t\t\t\t\t\t\t\t<\/div>\n\t\t\t\t\t\t<\/div>\n\t\t\t\t<\/div>\n\t\t\t\t\t\t<\/div>\n\t\t\t\t\t<\/div>\n\t\t<\/div>\n\t\t\t\t<div class=\"elementor-column elementor-col-50 elementor-top-column elementor-element elementor-element-b600727\" data-id=\"b600727\" data-element_type=\"column\">\n\t\t\t<div class=\"elementor-column-wrap elementor-element-populated\">\n\t\t\t\t\t\t\t<div class=\"elementor-widget-wrap\">\n\t\t\t\t\t\t<div class=\"elementor-element elementor-element-3ce9dddb elementor-widget elementor-widget-gva-heading-block\" data-id=\"3ce9dddb\" data-element_type=\"widget\" data-widget_type=\"gva-heading-block.default\">\n\t\t\t\t<div class=\"elementor-widget-container\">\n\t\t\t<div class=\"gva-element-gva-heading-block gva-element\">   <div class=\"align-left style-1 widget gsc-heading box-align-left auto-responsive\">\r\n      <div class=\"content-inner\">\r\n         \r\n                  \r\n                     <div class=\"sub-title\"><span>M\u00ebsoni rreth nesh<\/span><\/div>\r\n           \r\n         \r\n                     <h2 class=\"title\">\r\n               <span>Rreth nesh<\/span>\r\n            <\/h2>\r\n                              <div class=\"title-desc\">Poseidon ofron sh\u00ebrbime turistike n\u00eb Shqip\u00ebri, Bosnje dhe Hercegovin\u00eb, Bullgari,\nKroacia, Greqia, Kosova, Mali i Zi, Maqedonia Veriore dhe Serbia. Jemi fokusuar n\u00eb\nShqip\u00ebria m\u00eb shum\u00eb p\u00ebr incoming dhe outcoming. Q\u00eb nga viti 2005, ne kemi ofruar nj\u00eb nivel t\u00eb lart\u00eb\nsh\u00ebrbime standarde p\u00ebr partner\u00ebt tan\u00eb Ne punojm\u00eb me krenari me standardet globale p\u00ebr t\u00eb promovuar\ndhe t\u00eb mb\u00ebshtes\u00eb vlerat lokale, traditat, kultur\u00ebn dhe historin\u00eb e pasur t\u00eb k\u00ebsaj n\u00eb rritje dinamike\npjes\u00eb e Evrop\u00ebs.\nShqip\u00ebria \u00ebsht\u00eb e bekuar nga natyra; vij\u00eb e gjat\u00eb bregdetare mesdhetare, Alpe, liqene, lumenj t\u00eb eg\u00ebr\nduke e kombinuar at\u00eb me shum\u00eb vende t\u00eb trash\u00ebgimis\u00eb bot\u00ebrore t\u00eb mbrojtura nga UNESCO, e b\u00ebn k\u00ebt\u00eb rajon nj\u00eb\nvend ideal p\u00ebr nj\u00eb shum\u00ebllojshm\u00ebri pushimesh.<\/div>\r\n         \r\n         \r\n      <\/div>\r\n   <\/div>\r\n<\/div>\t\t<\/div>\n\t\t\t\t<\/div>\n\t\t\t\t\t\t<\/div>\n\t\t\t\t\t<\/div>\n\t\t<\/div>\n\t\t\t\t\t\t\t\t<\/div>\n\t\t\t\t\t<\/div>\n\t\t<\/section>\n\t\t\t\t<section class=\"elementor-section elementor-top-section elementor-element elementor-element-d07aa4d elementor-section-boxed elementor-section-height-default elementor-section-height-default row-top\" data-id=\"d07aa4d\" data-element_type=\"section\">\n\t\t\t\t\t\t<div class=\"elementor-container elementor-column-gap-default\">\n\t\t\t\t\t\t\t<div class=\"elementor-row\">\n\t\t\t\t\t<div class=\"elementor-column elementor-col-100 elementor-top-column elementor-element elementor-element-f45917e\" data-id=\"f45917e\" data-element_type=\"column\" data-settings=\"{&quot;background_background&quot;:&quot;classic&quot;}\">\n\t\t\t<div class=\"elementor-column-wrap elementor-element-populated\">\n\t\t\t\t\t\t\t<div class=\"elementor-widget-wrap\">\n\t\t\t\t\t\t<section class=\"elementor-section elementor-inner-section elementor-element elementor-element-e271598 elementor-section-boxed elementor-section-height-default elementor-section-height-default row-top\" data-id=\"e271598\" data-element_type=\"section\">\n\t\t\t\t\t\t<div class=\"elementor-container elementor-column-gap-default\">\n\t\t\t\t\t\t\t<div class=\"elementor-row\">\n\t\t\t\t\t<div class=\"elementor-column elementor-col-25 elementor-inner-column elementor-element elementor-element-c2fde7a\" data-id=\"c2fde7a\" data-element_type=\"column\">\n\t\t\t<div class=\"elementor-column-wrap elementor-element-populated\">\n\t\t\t\t\t\t\t<div class=\"elementor-widget-wrap\">\n\t\t\t\t\t\t<div class=\"elementor-element elementor-element-3339dc2 elementor-widget elementor-widget-gva-counter\" data-id=\"3339dc2\" data-element_type=\"widget\" data-widget_type=\"gva-counter.default\">\n\t\t\t\t<div class=\"elementor-widget-container\">\n\t\t\t<div class=\"gva-element-gva-counter gva-element\">\r\n         <div class=\"widget milestone-block style-1\">\r\n         <div class=\"box-content\">\r\n            \r\n            <div class=\"milestone-content\">\r\n               <div class=\"milestone-number-inner\">\r\n                                    <span class=\"milestone-number\">70<\/span>\r\n                                 <\/div>\r\n                                 <div class=\"milestone-text\">\r\n                      Donacionet totale                  <\/div>\r\n                           <\/div>\r\n            \r\n            \r\n         <\/div>   \r\n      <\/div> \r\n   \r\n<\/div>\t\t<\/div>\n\t\t\t\t<\/div>\n\t\t\t\t\t\t<\/div>\n\t\t\t\t\t<\/div>\n\t\t<\/div>\n\t\t\t\t<div class=\"elementor-column elementor-col-25 elementor-inner-column elementor-element elementor-element-cee5b07\" data-id=\"cee5b07\" data-element_type=\"column\">\n\t\t\t<div class=\"elementor-column-wrap elementor-element-populated\">\n\t\t\t\t\t\t\t<div class=\"elementor-widget-wrap\">\n\t\t\t\t\t\t<div class=\"elementor-element elementor-element-9e21c4c elementor-widget elementor-widget-gva-counter\" data-id=\"9e21c4c\" data-element_type=\"widget\" data-widget_type=\"gva-counter.default\">\n\t\t\t\t<div class=\"elementor-widget-container\">\n\t\t\t<div class=\"gva-element-gva-counter gva-element\">\r\n         <div class=\"widget milestone-block style-1\">\r\n         <div class=\"box-content\">\r\n            \r\n            <div class=\"milestone-content\">\r\n               <div class=\"milestone-number-inner\">\r\n                                    <span class=\"milestone-number\">50<\/span>\r\n                                 <\/div>\r\n                                 <div class=\"milestone-text\">\r\n                      Campings Closed                  <\/div>\r\n                           <\/div>\r\n            \r\n            \r\n         <\/div>   \r\n      <\/div> \r\n   \r\n<\/div>\t\t<\/div>\n\t\t\t\t<\/div>\n\t\t\t\t\t\t<\/div>\n\t\t\t\t\t<\/div>\n\t\t<\/div>\n\t\t\t\t<div class=\"elementor-column elementor-col-25 elementor-inner-column elementor-element elementor-element-4ffbfe3\" data-id=\"4ffbfe3\" data-element_type=\"column\">\n\t\t\t<div class=\"elementor-column-wrap elementor-element-populated\">\n\t\t\t\t\t\t\t<div class=\"elementor-widget-wrap\">\n\t\t\t\t\t\t<div class=\"elementor-element elementor-element-9b77589 elementor-widget elementor-widget-gva-counter\" data-id=\"9b77589\" data-element_type=\"widget\" data-widget_type=\"gva-counter.default\">\n\t\t\t\t<div class=\"elementor-widget-container\">\n\t\t\t<div class=\"gva-element-gva-counter gva-element\">\r\n         <div class=\"widget milestone-block style-1\">\r\n         <div class=\"box-content\">\r\n            \r\n            <div class=\"milestone-content\">\r\n               <div class=\"milestone-number-inner\">\r\n                                    <span class=\"milestone-number\">2000<\/span>\r\n                                 <\/div>\r\n                                 <div class=\"milestone-text\">\r\n                      Happy People                  <\/div>\r\n                           <\/div>\r\n            \r\n            \r\n         <\/div>   \r\n      <\/div> \r\n   \r\n<\/div>\t\t<\/div>\n\t\t\t\t<\/div>\n\t\t\t\t\t\t<\/div>\n\t\t\t\t\t<\/div>\n\t\t<\/div>\n\t\t\t\t<div class=\"elementor-column elementor-col-25 elementor-inner-column elementor-element elementor-element-63fe7d6\" data-id=\"63fe7d6\" data-element_type=\"column\">\n\t\t\t<div class=\"elementor-column-wrap elementor-element-populated\">\n\t\t\t\t\t\t\t<div class=\"elementor-widget-wrap\">\n\t\t\t\t\t\t<div class=\"elementor-element elementor-element-9baf04c elementor-widget elementor-widget-gva-counter\" data-id=\"9baf04c\" data-element_type=\"widget\" data-widget_type=\"gva-counter.default\">\n\t\t\t\t<div class=\"elementor-widget-container\">\n\t\t\t<div class=\"gva-element-gva-counter gva-element\">\r\n         <div class=\"widget milestone-block style-1\">\r\n         <div class=\"box-content\">\r\n            \r\n            <div class=\"milestone-content\">\r\n               <div class=\"milestone-number-inner\">\r\n                                    <span class=\"milestone-number\">10<\/span>\r\n                                 <\/div>\r\n                                 <div class=\"milestone-text\">\r\n                      Our Volunteers                  <\/div>\r\n                           <\/div>\r\n            \r\n            \r\n         <\/div>   \r\n      <\/div> \r\n   \r\n<\/div>\t\t<\/div>\n\t\t\t\t<\/div>\n\t\t\t\t\t\t<\/div>\n\t\t\t\t\t<\/div>\n\t\t<\/div>\n\t\t\t\t\t\t\t\t<\/div>\n\t\t\t\t\t<\/div>\n\t\t<\/section>\n\t\t\t\t\t\t<\/div>\n\t\t\t\t\t<\/div>\n\t\t<\/div>\n\t\t\t\t\t\t\t\t<\/div>\n\t\t\t\t\t<\/div>\n\t\t<\/section>\n\t\t\t\t<section class=\"elementor-section elementor-top-section elementor-element elementor-element-1664fb4 elementor-section-boxed elementor-section-height-default elementor-section-height-default row-top\" data-id=\"1664fb4\" data-element_type=\"section\">\n\t\t\t\t\t\t<div class=\"elementor-container elementor-column-gap-default\">\n\t\t\t\t\t\t\t<div class=\"elementor-row\">\n\t\t\t\t\t<div class=\"elementor-column elementor-col-100 elementor-top-column elementor-element elementor-element-ccbfe53\" data-id=\"ccbfe53\" data-element_type=\"column\">\n\t\t\t<div class=\"elementor-column-wrap elementor-element-populated\">\n\t\t\t\t\t\t\t<div class=\"elementor-widget-wrap\">\n\t\t\t\t\t\t<div class=\"elementor-element elementor-element-314eddd elementor-widget elementor-widget-gva-heading-block\" data-id=\"314eddd\" data-element_type=\"widget\" data-widget_type=\"gva-heading-block.default\">\n\t\t\t\t<div class=\"elementor-widget-container\">\n\t\t\t<div class=\"gva-element-gva-heading-block gva-element\">   <div class=\"align-center style-1 widget gsc-heading box-align-left auto-responsive\">\r\n      <div class=\"content-inner\">\r\n         \r\n                  \r\n                     <div class=\"sub-title\"><span>Njer\u00ebz profesionist\u00eb<\/span><\/div>\r\n           \r\n         \r\n                     <h2 class=\"title\">\r\n               <span>Njihuni me Ekipin<\/span>\r\n            <\/h2>\r\n                  \r\n         \r\n      <\/div>\r\n   <\/div>\r\n<\/div>\t\t<\/div>\n\t\t\t\t<\/div>\n\t\t\t\t<div class=\"elementor-element elementor-element-16a311f elementor-widget elementor-widget-gva-team\" data-id=\"16a311f\" data-element_type=\"widget\" data-widget_type=\"gva-team.default\">\n\t\t\t\t<div class=\"elementor-widget-container\">\n\t\t\t<div class=\"gva-element-gva-team gva-element\">\r\n<div class=\"gsc-team layout-grid\">\r\n   <div class=\"lg-block-grid-3 md-block-grid-3 sm-block-grid-2 xs-block-grid-1 xx-block-grid-1\">\r\n               <div class=\"item-columns\">\r\n            \r\n<div class=\"gsc-team-item\">\r\n\t\t\t<div class=\"team-image\">\r\n         <img decoding=\"async\" src=\"https:\/\/poseidontours.al\/wp-content\/uploads\/2023\/12\/e.jpg\" alt=\"\" \/>  \r\n\t\t\t<div class=\"socials-team\">\r\n\t\t\t\t\t\t\t  <a href=\"https:\/\/www.facebook.com\/profile.php?id=100008482179575&amp;mibextid=ZbWKwL\">\r\n\t\t\t\t <i class=\"fa fa-facebook\"><\/i>\t\t\t  <\/a>\r\n\t\t\t  \t\t\t\t\t\t\t\t\t\t\t  <a href=\"https:\/\/www.instagram.com\/lyto_alliu?igshid=YTQwZjQ0NmI0OA==\">\r\n\t\t\t\t <i class=\"fa fa-instagram\"><\/i>\t\t\t  <\/a>\r\n\t\t\t  \t\t\t\t\t\t\t<\/div>\r\n\t\t<\/div>\r\n\t\t\r\n   <div class=\"team-content\">\r\n\t\t\r\n\t\t\t\t\t<h3 class=\"team-name\">\r\n            Lytfi Alliu   \r\n         <\/h3>\r\n\t\t\r\n\t\t\t\t\t<div class=\"team-job\">General  Travel Assistant<\/div>\r\n\t\t\r\n\t<\/div>\r\n<\/div>\t\t\r\n         <\/div>\r\n               <div class=\"item-columns\">\r\n            \r\n<div class=\"gsc-team-item\">\r\n\t\t\t<div class=\"team-image\">\r\n         <img decoding=\"async\" src=\"https:\/\/poseidontours.al\/wp-content\/uploads\/2023\/12\/WhatsApp-Image-2023-12-23.jpeg\" alt=\"\" \/>  \r\n\t\t\t<div class=\"socials-team\">\r\n\t\t\t\t\t\t\t\t\t\t\t\t\t\t\t\t\t\t\t<\/div>\r\n\t\t<\/div>\r\n\t\t\r\n   <div class=\"team-content\">\r\n\t\t\r\n\t\t\t\t\t<h3 class=\"team-name\">\r\n            Mirian Serica   \r\n         <\/h3>\r\n\t\t\r\n\t\t\t\t\t<div class=\"team-job\">General Manager<\/div>\r\n\t\t\r\n\t<\/div>\r\n<\/div>\t\t\r\n         <\/div>\r\n         <\/div>   \r\n<\/div>\r\n<\/div>\t\t<\/div>\n\t\t\t\t<\/div>\n\t\t\t\t\t\t<\/div>\n\t\t\t\t\t<\/div>\n\t\t<\/div>\n\t\t\t\t\t\t\t\t<\/div>\n\t\t\t\t\t<\/div>\n\t\t<\/section>\n\t\t\t\t\t\t\t\t\t<\/div>\n\t\t\t<\/div>\n\t\t\t\t\t<\/div>","protected":false},"excerpt":{"rendered":"<p>About Home Page Learn about us About Us Poseidon is offering tourism services in Albania, Bosnia &amp; Herzegovina, Bulgaria, Croatia, Greece, Kosovo, Montenegro, N. Macedonia and Serbia. We are focus&hellip;<\/p>","protected":false},"author":1,"featured_media":0,"parent":0,"menu_order":0,"comment_status":"closed","ping_status":"closed","template":"","meta":{"footnotes":""},"yoast_head":"<!-- This site is optimized with the Yoast SEO plugin v21.7 - https:\/\/yoast.com\/wordpress\/plugins\/seo\/ -->\n<title>About - Poseidon<\/title>\n<meta name=\"robots\" content=\"index, follow, max-snippet:-1, max-image-preview:large, max-video-preview:-1\" \/>\n<link rel=\"canonical\" href=\"https:\/\/poseidontours.al\/sq\/about\/\" \/>\n<meta property=\"og:locale\" content=\"sq_AL\" \/>\n<meta property=\"og:type\" content=\"article\" \/>\n<meta property=\"og:title\" content=\"About - Poseidon\" \/>\n<meta property=\"og:description\" content=\"About Home Page Learn about us About Us Poseidon is offering tourism services in Albania, Bosnia &amp; Herzegovina, Bulgaria, Croatia, Greece, Kosovo, Montenegro, N. Macedonia and Serbia. We are focus&hellip;\" \/>\n<meta property=\"og:url\" content=\"https:\/\/poseidontours.al\/sq\/about\/\" \/>\n<meta property=\"og:site_name\" content=\"Poseidon\" \/>\n<meta property=\"article:publisher\" content=\"https:\/\/www.facebook.com\/profile.php?id=100003494104939&amp;mibextid=ZbWKwL\" \/>\n<meta property=\"article:modified_time\" content=\"2023-12-27T14:42:40+00:00\" \/>\n<meta property=\"og:image\" content=\"http:\/\/poseidontours.al\/wp-content\/uploads\/2023\/12\/Benje-Permet.jpeg\" \/>\n<meta name=\"twitter:card\" content=\"summary_large_image\" \/>\n<meta name=\"twitter:label1\" content=\"Est. reading time\" \/>\n\t<meta name=\"twitter:data1\" content=\"2 minuta\" \/>\n<script type=\"application\/ld+json\" class=\"yoast-schema-graph\">{\"@context\":\"https:\/\/schema.org\",\"@graph\":[{\"@type\":\"WebPage\",\"@id\":\"https:\/\/poseidontours.al\/about\/\",\"url\":\"https:\/\/poseidontours.al\/about\/\",\"name\":\"About - Poseidon\",\"isPartOf\":{\"@id\":\"https:\/\/poseidontours.al\/#website\"},\"datePublished\":\"2020-12-08T03:53:12+00:00\",\"dateModified\":\"2023-12-27T14:42:40+00:00\",\"breadcrumb\":{\"@id\":\"https:\/\/poseidontours.al\/about\/#breadcrumb\"},\"inLanguage\":\"sq\",\"potentialAction\":[{\"@type\":\"ReadAction\",\"target\":[\"https:\/\/poseidontours.al\/about\/\"]}]},{\"@type\":\"BreadcrumbList\",\"@id\":\"https:\/\/poseidontours.al\/about\/#breadcrumb\",\"itemListElement\":[{\"@type\":\"ListItem\",\"position\":1,\"name\":\"Home\",\"item\":\"https:\/\/poseidontours.al\/\"},{\"@type\":\"ListItem\",\"position\":2,\"name\":\"About\"}]},{\"@type\":\"WebSite\",\"@id\":\"https:\/\/poseidontours.al\/#website\",\"url\":\"https:\/\/poseidontours.al\/\",\"name\":\"Poseidon\",\"description\":\"Welcome to our Trip and Tour Agency.\",\"publisher\":{\"@id\":\"https:\/\/poseidontours.al\/#organization\"},\"potentialAction\":[{\"@type\":\"SearchAction\",\"target\":{\"@type\":\"EntryPoint\",\"urlTemplate\":\"https:\/\/poseidontours.al\/?s={search_term_string}\"},\"query-input\":\"required name=search_term_string\"}],\"inLanguage\":\"sq\"},{\"@type\":\"Organization\",\"@id\":\"https:\/\/poseidontours.al\/#organization\",\"name\":\"Poseidon\",\"url\":\"https:\/\/poseidontours.al\/\",\"logo\":{\"@type\":\"ImageObject\",\"inLanguage\":\"sq\",\"@id\":\"https:\/\/poseidontours.al\/#\/schema\/logo\/image\/\",\"url\":\"http:\/\/poseidontours.al\/wp-content\/uploads\/2023\/10\/Asset-2.png\",\"contentUrl\":\"http:\/\/poseidontours.al\/wp-content\/uploads\/2023\/10\/Asset-2.png\",\"width\":2712,\"height\":1433,\"caption\":\"Poseidon\"},\"image\":{\"@id\":\"https:\/\/poseidontours.al\/#\/schema\/logo\/image\/\"},\"sameAs\":[\"https:\/\/www.facebook.com\/profile.php?id=100003494104939&mibextid=ZbWKwL\"]}]}<\/script>\n<!-- \/ Yoast SEO plugin. -->","yoast_head_json":{"title":"About - Poseidon","robots":{"index":"index","follow":"follow","max-snippet":"max-snippet:-1","max-image-preview":"max-image-preview:large","max-video-preview":"max-video-preview:-1"},"canonical":"https:\/\/poseidontours.al\/sq\/about\/","og_locale":"sq_AL","og_type":"article","og_title":"About - Poseidon","og_description":"About Home Page Learn about us About Us Poseidon is offering tourism services in Albania, Bosnia &amp; Herzegovina, Bulgaria, Croatia, Greece, Kosovo, Montenegro, N. Macedonia and Serbia. We are focus&hellip;","og_url":"https:\/\/poseidontours.al\/sq\/about\/","og_site_name":"Poseidon","article_publisher":"https:\/\/www.facebook.com\/profile.php?id=100003494104939&mibextid=ZbWKwL","article_modified_time":"2023-12-27T14:42:40+00:00","og_image":[{"url":"http:\/\/poseidontours.al\/wp-content\/uploads\/2023\/12\/Benje-Permet.jpeg"}],"twitter_card":"summary_large_image","twitter_misc":{"Est. reading time":"2 minuta"},"schema":{"@context":"https:\/\/schema.org","@graph":[{"@type":"WebPage","@id":"https:\/\/poseidontours.al\/about\/","url":"https:\/\/poseidontours.al\/about\/","name":"About - Poseidon","isPartOf":{"@id":"https:\/\/poseidontours.al\/#website"},"datePublished":"2020-12-08T03:53:12+00:00","dateModified":"2023-12-27T14:42:40+00:00","breadcrumb":{"@id":"https:\/\/poseidontours.al\/about\/#breadcrumb"},"inLanguage":"sq","potentialAction":[{"@type":"ReadAction","target":["https:\/\/poseidontours.al\/about\/"]}]},{"@type":"BreadcrumbList","@id":"https:\/\/poseidontours.al\/about\/#breadcrumb","itemListElement":[{"@type":"ListItem","position":1,"name":"Home","item":"https:\/\/poseidontours.al\/"},{"@type":"ListItem","position":2,"name":"About"}]},{"@type":"WebSite","@id":"https:\/\/poseidontours.al\/#website","url":"https:\/\/poseidontours.al\/","name":"Poseidon","description":"Welcome to our Trip and Tour Agency.","publisher":{"@id":"https:\/\/poseidontours.al\/#organization"},"potentialAction":[{"@type":"SearchAction","target":{"@type":"EntryPoint","urlTemplate":"https:\/\/poseidontours.al\/?s={search_term_string}"},"query-input":"required name=search_term_string"}],"inLanguage":"sq"},{"@type":"Organization","@id":"https:\/\/poseidontours.al\/#organization","name":"Poseidon","url":"https:\/\/poseidontours.al\/","logo":{"@type":"ImageObject","inLanguage":"sq","@id":"https:\/\/poseidontours.al\/#\/schema\/logo\/image\/","url":"http:\/\/poseidontours.al\/wp-content\/uploads\/2023\/10\/Asset-2.png","contentUrl":"http:\/\/poseidontours.al\/wp-content\/uploads\/2023\/10\/Asset-2.png","width":2712,"height":1433,"caption":"Poseidon"},"image":{"@id":"https:\/\/poseidontours.al\/#\/schema\/logo\/image\/"},"sameAs":["https:\/\/www.facebook.com\/profile.php?id=100003494104939&mibextid=ZbWKwL"]}]}},"_links":{"self":[{"href":"https:\/\/poseidontours.al\/sq\/wp-json\/wp\/v2\/pages\/21"}],"collection":[{"href":"https:\/\/poseidontours.al\/sq\/wp-json\/wp\/v2\/pages"}],"about":[{"href":"https:\/\/poseidontours.al\/sq\/wp-json\/wp\/v2\/types\/page"}],"author":[{"embeddable":true,"href":"https:\/\/poseidontours.al\/sq\/wp-json\/wp\/v2\/users\/1"}],"replies":[{"embeddable":true,"href":"https:\/\/poseidontours.al\/sq\/wp-json\/wp\/v2\/comments?post=21"}],"version-history":[{"count":39,"href":"https:\/\/poseidontours.al\/sq\/wp-json\/wp\/v2\/pages\/21\/revisions"}],"predecessor-version":[{"id":1875,"href":"https:\/\/poseidontours.al\/sq\/wp-json\/wp\/v2\/pages\/21\/revisions\/1875"}],"wp:attachment":[{"href":"https:\/\/poseidontours.al\/sq\/wp-json\/wp\/v2\/media?parent=21"}],"curies":[{"name":"wp","href":"https:\/\/api.w.org\/{rel}","templated":true}]}}