{"id":23,"date":"2020-12-08T03:53:49","date_gmt":"2020-12-08T03:53:49","guid":{"rendered":"https:\/\/gaviaspreview.com\/wp\/tevily\/?page_id=23"},"modified":"2023-12-21T16:46:14","modified_gmt":"2023-12-21T16:46:14","slug":"gallery","status":"publish","type":"page","link":"https:\/\/poseidontours.al\/sq\/gallery\/","title":{"rendered":"Galeria"},"content":{"rendered":"<div data-elementor-type=\"wp-page\" data-elementor-id=\"23\" class=\"elementor elementor-23\">\n\t\t\t\t\t\t<div class=\"elementor-inner\">\n\t\t\t\t<div class=\"elementor-section-wrap\">\n\t\t\t\t\t\t\t\t\t<section class=\"elementor-section elementor-top-section elementor-element elementor-element-1dbce7b elementor-section-boxed elementor-section-height-default elementor-section-height-default row-top\" data-id=\"1dbce7b\" data-element_type=\"section\" data-settings=\"{&quot;background_background&quot;:&quot;slideshow&quot;,&quot;background_slideshow_gallery&quot;:[{&quot;id&quot;:1555,&quot;url&quot;:&quot;http:\\\/\\\/poseidontours.al\\\/wp-content\\\/uploads\\\/2023\\\/12\\\/WhatsApp-Image-2023-12-07-at-11.58.41-AM-1.jpeg&quot;},{&quot;id&quot;:1808,&quot;url&quot;:&quot;http:\\\/\\\/poseidontours.al\\\/wp-content\\\/uploads\\\/2023\\\/12\\\/Benje-Permet.jpeg&quot;}],&quot;background_slideshow_loop&quot;:&quot;yes&quot;,&quot;background_slideshow_slide_duration&quot;:5000,&quot;background_slideshow_slide_transition&quot;:&quot;fade&quot;,&quot;background_slideshow_transition_duration&quot;:500}\">\n\t\t\t\t\t\t<div class=\"elementor-container elementor-column-gap-default\">\n\t\t\t\t\t\t\t<div class=\"elementor-row\">\n\t\t\t\t\t<div class=\"elementor-column elementor-col-100 elementor-top-column elementor-element elementor-element-aa4ba02\" data-id=\"aa4ba02\" data-element_type=\"column\">\n\t\t\t<div class=\"elementor-column-wrap elementor-element-populated\">\n\t\t\t\t\t\t\t<div class=\"elementor-widget-wrap\">\n\t\t\t\t\t\t<div class=\"elementor-element elementor-element-ef71d0b elementor-widget elementor-widget-gva-heading-block\" data-id=\"ef71d0b\" data-element_type=\"widget\" data-widget_type=\"gva-heading-block.default\">\n\t\t\t\t<div class=\"elementor-widget-container\">\n\t\t\t<div class=\"gva-element-gva-heading-block gva-element\">   <div class=\"align-center style-1 widget gsc-heading box-align-left auto-responsive\">\r\n      <div class=\"content-inner\">\r\n         \r\n                  \r\n           \r\n         \r\n                     <h2 class=\"title\">\r\n               <span>Eksploroni Shqip\u00ebrin\u00eb<\/span>\r\n            <\/h2>\r\n                              <div class=\"title-desc\">Njer\u00ebzit nuk marrin, udh\u00ebtimet i marrin njer\u00ebzit<\/div>\r\n         \r\n         \r\n      <\/div>\r\n   <\/div>\r\n<\/div>\t\t<\/div>\n\t\t\t\t<\/div>\n\t\t\t\t\t\t<\/div>\n\t\t\t\t\t<\/div>\n\t\t<\/div>\n\t\t\t\t\t\t\t\t<\/div>\n\t\t\t\t\t<\/div>\n\t\t<\/section>\n\t\t\t\t<section class=\"elementor-section elementor-top-section elementor-element elementor-element-7e9c1af9 elementor-section-boxed elementor-section-height-default elementor-section-height-default row-top\" data-id=\"7e9c1af9\" data-element_type=\"section\">\n\t\t\t\t\t\t<div class=\"elementor-container elementor-column-gap-default\">\n\t\t\t\t\t\t\t<div class=\"elementor-row\">\n\t\t\t\t\t<div class=\"elementor-column elementor-col-100 elementor-top-column elementor-element elementor-element-27c9e840\" data-id=\"27c9e840\" data-element_type=\"column\">\n\t\t\t<div class=\"elementor-column-wrap elementor-element-populated\">\n\t\t\t\t\t\t\t<div class=\"elementor-widget-wrap\">\n\t\t\t\t\t\t<div class=\"elementor-element elementor-element-63700fe5 elementor-widget elementor-widget-gva-gallery\" data-id=\"63700fe5\" data-element_type=\"widget\" data-widget_type=\"gva-gallery.default\">\n\t\t\t\t<div class=\"elementor-widget-container\">\n\t\t\t<div class=\"gva-element-gva-gallery gva-element\">  \r\n  \t<div class=\"gva-gallery-grid clearfix\">\r\n\t\t<div class=\"gva-content-items\"> \r\n\t\t  \t<div class=\"lg-block-grid-3 md-block-grid-3 sm-block-grid-2 xs-block-grid-1 xx-block-grid-1\">\r\n\t\t\t \t<div class=\"item\">\r\n<div class=\"gallery-item\">\r\n\r\n               <div class=\"image\">\r\n            <img decoding=\"async\" src=\"https:\/\/poseidontours.al\/wp-content\/uploads\/2023\/12\/WhatsApp-Image-2023-12-20-at-18.55.06-600x600.jpeg\" alt=\"Kalaja e Lekuresit\" \/>  \r\n         <\/div>\r\n         <a class=\"photo-gallery\" href=\"http:\/\/poseidontours.al\/wp-content\/uploads\/2023\/12\/WhatsApp-Image-2023-12-20-at-18.55.06.jpeg\" data-elementor-lightbox-slideshow=\"gallery-eisq\"><\/a>\r\n      \r\n      <div class=\"image-content\">\r\n         <div class=\"content-inner\">\r\n                           <h3 class=\"title\">Kalaja e Lekuresit<\/h3>\r\n                                 <\/div>   \r\n      <\/div>\r\n\r\n   <\/div>\r\n<\/div><div class=\"item\">\r\n<div class=\"gallery-item\">\r\n\r\n               <div class=\"image\">\r\n            <img decoding=\"async\" src=\"https:\/\/poseidontours.al\/wp-content\/uploads\/2023\/12\/WhatsApp-Image-2023-12-07-at-4.00.34-PM-1-1-600x600.jpeg\" alt=\"Berat\" \/>  \r\n         <\/div>\r\n         <a class=\"photo-gallery\" href=\"http:\/\/poseidontours.al\/wp-content\/uploads\/2023\/12\/WhatsApp-Image-2023-12-07-at-4.00.34-PM-1-1.jpeg\" data-elementor-lightbox-slideshow=\"gallery-eisq\"><\/a>\r\n      \r\n      <div class=\"image-content\">\r\n         <div class=\"content-inner\">\r\n                           <h3 class=\"title\">Berat<\/h3>\r\n                                 <\/div>   \r\n      <\/div>\r\n\r\n   <\/div>\r\n<\/div><div class=\"item\">\r\n<div class=\"gallery-item\">\r\n\r\n               <div class=\"image\">\r\n            <img decoding=\"async\" src=\"https:\/\/poseidontours.al\/wp-content\/uploads\/2023\/12\/WhatsApp-Image-2023-12-07-at-4.00.34-PM-600x600.jpeg\" alt=\"Korce\" \/>  \r\n         <\/div>\r\n         <a class=\"photo-gallery\" href=\"http:\/\/poseidontours.al\/wp-content\/uploads\/2023\/12\/WhatsApp-Image-2023-12-07-at-4.00.34-PM.jpeg\" data-elementor-lightbox-slideshow=\"gallery-eisq\"><\/a>\r\n      \r\n      <div class=\"image-content\">\r\n         <div class=\"content-inner\">\r\n                           <h3 class=\"title\">Korce<\/h3>\r\n                                 <\/div>   \r\n      <\/div>\r\n\r\n   <\/div>\r\n<\/div><div class=\"item\">\r\n<div class=\"gallery-item\">\r\n\r\n               <div class=\"image\">\r\n            <img decoding=\"async\" src=\"https:\/\/poseidontours.al\/wp-content\/uploads\/2023\/12\/WhatsApp-Image-2023-12-07-at-11.58.31-AM-600x600.jpeg\" alt=\"Gjirokaster\" \/>  \r\n         <\/div>\r\n         <a class=\"photo-gallery\" href=\"http:\/\/poseidontours.al\/wp-content\/uploads\/2023\/12\/WhatsApp-Image-2023-12-07-at-11.58.31-AM.jpeg\" data-elementor-lightbox-slideshow=\"gallery-eisq\"><\/a>\r\n      \r\n      <div class=\"image-content\">\r\n         <div class=\"content-inner\">\r\n                           <h3 class=\"title\">Gjirokaster<\/h3>\r\n                                 <\/div>   \r\n      <\/div>\r\n\r\n   <\/div>\r\n<\/div><div class=\"item\">\r\n<div class=\"gallery-item\">\r\n\r\n               <div class=\"image\">\r\n            <img decoding=\"async\" src=\"https:\/\/poseidontours.al\/wp-content\/uploads\/2023\/12\/WhatsApp-Image-2023-12-07-at-11.58.39-AM-600x600.jpeg\" alt=\"Apolonia\" \/>  \r\n         <\/div>\r\n         <a class=\"photo-gallery\" href=\"http:\/\/poseidontours.al\/wp-content\/uploads\/2023\/12\/WhatsApp-Image-2023-12-07-at-11.58.39-AM.jpeg\" data-elementor-lightbox-slideshow=\"gallery-eisq\"><\/a>\r\n      \r\n      <div class=\"image-content\">\r\n         <div class=\"content-inner\">\r\n                           <h3 class=\"title\">Apolonia<\/h3>\r\n                                 <\/div>   \r\n      <\/div>\r\n\r\n   <\/div>\r\n<\/div><div class=\"item\">\r\n<div class=\"gallery-item\">\r\n\r\n               <div class=\"image\">\r\n            <img decoding=\"async\" src=\"https:\/\/poseidontours.al\/wp-content\/uploads\/2023\/12\/WhatsApp-Image-2023-12-07-at-11.58.40-AM-600x600.jpeg\" alt=\"Theth\" \/>  \r\n         <\/div>\r\n         <a class=\"photo-gallery\" href=\"http:\/\/poseidontours.al\/wp-content\/uploads\/2023\/12\/WhatsApp-Image-2023-12-07-at-11.58.40-AM.jpeg\" data-elementor-lightbox-slideshow=\"gallery-eisq\"><\/a>\r\n      \r\n      <div class=\"image-content\">\r\n         <div class=\"content-inner\">\r\n                           <h3 class=\"title\">Theth<\/h3>\r\n                                 <\/div>   \r\n      <\/div>\r\n\r\n   <\/div>\r\n<\/div><div class=\"item\">\r\n<div class=\"gallery-item\">\r\n\r\n               <div class=\"image\">\r\n            <img decoding=\"async\" src=\"https:\/\/poseidontours.al\/wp-content\/uploads\/2023\/12\/WhatsApp-Image-2023-12-07-at-11.58.41-AM-1-600x600.jpeg\" alt=\"Permet\" \/>  \r\n         <\/div>\r\n         <a class=\"photo-gallery\" href=\"http:\/\/poseidontours.al\/wp-content\/uploads\/2023\/12\/WhatsApp-Image-2023-12-07-at-11.58.41-AM-1.jpeg\" data-elementor-lightbox-slideshow=\"gallery-eisq\"><\/a>\r\n      \r\n      <div class=\"image-content\">\r\n         <div class=\"content-inner\">\r\n                           <h3 class=\"title\">Permet<\/h3>\r\n                                 <\/div>   \r\n      <\/div>\r\n\r\n   <\/div>\r\n<\/div><div class=\"item\">\r\n<div class=\"gallery-item\">\r\n\r\n               <div class=\"image\">\r\n            <img decoding=\"async\" src=\"https:\/\/poseidontours.al\/wp-content\/uploads\/2023\/12\/WhatsApp-Image-2023-12-07-at-11.58.41-AM-600x600.jpeg\" alt=\"Theth\" \/>  \r\n         <\/div>\r\n         <a class=\"photo-gallery\" href=\"http:\/\/poseidontours.al\/wp-content\/uploads\/2023\/12\/WhatsApp-Image-2023-12-07-at-11.58.41-AM.jpeg\" data-elementor-lightbox-slideshow=\"gallery-eisq\"><\/a>\r\n      \r\n      <div class=\"image-content\">\r\n         <div class=\"content-inner\">\r\n                           <h3 class=\"title\">Theth<\/h3>\r\n                                 <\/div>   \r\n      <\/div>\r\n\r\n   <\/div>\r\n<\/div><div class=\"item\">\r\n<div class=\"gallery-item\">\r\n\r\n               <div class=\"image\">\r\n            <img decoding=\"async\" src=\"https:\/\/poseidontours.al\/wp-content\/uploads\/2023\/12\/Zvernev-Vlora-600x600.jpeg\" alt=\"\" \/>  \r\n         <\/div>\r\n         <a class=\"photo-gallery\" href=\"http:\/\/poseidontours.al\/wp-content\/uploads\/2023\/12\/Zvernev-Vlora.jpeg\" data-elementor-lightbox-slideshow=\"gallery-eisq\"><\/a>\r\n      \r\n      <div class=\"image-content\">\r\n         <div class=\"content-inner\">\r\n                                 <\/div>   \r\n      <\/div>\r\n\r\n   <\/div>\r\n<\/div>\t\t  \t<\/div>\r\n\t\t<\/div>\r\n  \t<\/div>\r\n<\/div>\t\t<\/div>\n\t\t\t\t<\/div>\n\t\t\t\t\t\t<\/div>\n\t\t\t\t\t<\/div>\n\t\t<\/div>\n\t\t\t\t\t\t\t\t<\/div>\n\t\t\t\t\t<\/div>\n\t\t<\/section>\n\t\t\t\t<section class=\"elementor-section elementor-top-section elementor-element elementor-element-454b313 bg-row-theme elementor-section-boxed elementor-section-height-default elementor-section-height-default row-top\" data-id=\"454b313\" data-element_type=\"section\" data-settings=\"{&quot;background_background&quot;:&quot;classic&quot;}\">\n\t\t\t\t\t\t<div class=\"elementor-container elementor-column-gap-default\">\n\t\t\t\t\t\t\t<div class=\"elementor-row\">\n\t\t\t\t\t<div class=\"elementor-column elementor-col-50 elementor-top-column elementor-element elementor-element-457e554\" data-id=\"457e554\" data-element_type=\"column\">\n\t\t\t<div class=\"elementor-column-wrap elementor-element-populated\">\n\t\t\t\t\t\t\t<div class=\"elementor-widget-wrap\">\n\t\t\t\t\t\t<div class=\"elementor-element elementor-element-1a71663 elementor-widget elementor-widget-gva-heading-block\" data-id=\"1a71663\" data-element_type=\"widget\" data-widget_type=\"gva-heading-block.default\">\n\t\t\t\t<div class=\"elementor-widget-container\">\n\t\t\t<div class=\"gva-element-gva-heading-block gva-element\">   <div class=\"align-left style-1 widget gsc-heading box-align-left auto-responsive\">\r\n      <div class=\"content-inner\">\r\n         \r\n                  \r\n                     <div class=\"sub-title\"><span>Planifikoni udh\u00ebtimin tuaj me ne<\/span><\/div>\r\n           \r\n         \r\n                     <h2 class=\"title\">\r\n               <span>Gati p\u00ebr nj\u00eb turne t\u00eb paharruesh\u00ebm?<\/span>\r\n            <\/h2>\r\n                  \r\n         \r\n      <\/div>\r\n   <\/div>\r\n<\/div>\t\t<\/div>\n\t\t\t\t<\/div>\n\t\t\t\t\t\t<\/div>\n\t\t\t\t\t<\/div>\n\t\t<\/div>\n\t\t\t\t<div class=\"elementor-column elementor-col-50 elementor-top-column elementor-element elementor-element-874db5b\" data-id=\"874db5b\" data-element_type=\"column\">\n\t\t\t<div class=\"elementor-column-wrap elementor-element-populated\">\n\t\t\t\t\t\t\t<div class=\"elementor-widget-wrap\">\n\t\t\t\t\t\t<div class=\"elementor-element elementor-element-aedf4e6 elementor-widget__width-auto elementor-widget elementor-widget-html\" data-id=\"aedf4e6\" data-element_type=\"widget\" data-widget_type=\"html.default\">\n\t\t\t\t<div class=\"elementor-widget-container\">\n\t\t\t<a class=\"btn-black btn-medium\" href=\"https:\/\/poseidontours.al\/sq\/tours-new\/\">\n    Rezervoni Turne Tani\n<\/a>\t\t<\/div>\n\t\t\t\t<\/div>\n\t\t\t\t\t\t<\/div>\n\t\t\t\t\t<\/div>\n\t\t<\/div>\n\t\t\t\t\t\t\t\t<\/div>\n\t\t\t\t\t<\/div>\n\t\t<\/section>\n\t\t\t\t\t\t\t\t\t<\/div>\n\t\t\t<\/div>\n\t\t\t\t\t<\/div>","protected":false},"excerpt":{"rendered":"<p>Explore Albania People Don\u2019t Take, Trips Take People Kalaja e Lekuresit Berat Korce Gjirokaster Apolonia Theth Permet Theth Plan your trip with us Ready for an unforgetable tour? Book Tour&hellip;<\/p>","protected":false},"author":1,"featured_media":0,"parent":0,"menu_order":0,"comment_status":"closed","ping_status":"closed","template":"","meta":{"footnotes":""},"yoast_head":"<!-- This site is optimized with the Yoast SEO plugin v21.7 - https:\/\/yoast.com\/wordpress\/plugins\/seo\/ -->\n<title>Gallery - Poseidon<\/title>\n<meta name=\"robots\" content=\"index, follow, max-snippet:-1, max-image-preview:large, max-video-preview:-1\" \/>\n<link rel=\"canonical\" href=\"https:\/\/poseidontours.al\/sq\/gallery\/\" \/>\n<meta property=\"og:locale\" content=\"sq_AL\" \/>\n<meta property=\"og:type\" content=\"article\" \/>\n<meta property=\"og:title\" content=\"Gallery - Poseidon\" \/>\n<meta property=\"og:description\" content=\"Explore Albania People Don\u2019t Take, Trips Take People Kalaja e Lekuresit Berat Korce Gjirokaster Apolonia Theth Permet Theth Plan your trip with us Ready for an unforgetable tour? Book Tour&hellip;\" \/>\n<meta property=\"og:url\" content=\"https:\/\/poseidontours.al\/sq\/gallery\/\" \/>\n<meta property=\"og:site_name\" content=\"Poseidon\" \/>\n<meta property=\"article:publisher\" content=\"https:\/\/www.facebook.com\/profile.php?id=100003494104939&amp;mibextid=ZbWKwL\" \/>\n<meta property=\"article:modified_time\" content=\"2023-12-21T16:46:14+00:00\" \/>\n<meta property=\"og:image\" content=\"http:\/\/poseidontours.al\/wp-content\/uploads\/2023\/12\/WhatsApp-Image-2023-12-20-at-18.55.06-600x600.jpeg\" \/>\n<meta name=\"twitter:card\" content=\"summary_large_image\" \/>\n<meta name=\"twitter:label1\" content=\"Est. reading time\" \/>\n\t<meta name=\"twitter:data1\" content=\"2 minuta\" \/>\n<script type=\"application\/ld+json\" class=\"yoast-schema-graph\">{\"@context\":\"https:\/\/schema.org\",\"@graph\":[{\"@type\":\"WebPage\",\"@id\":\"https:\/\/poseidontours.al\/gallery\/\",\"url\":\"https:\/\/poseidontours.al\/gallery\/\",\"name\":\"Gallery - Poseidon\",\"isPartOf\":{\"@id\":\"https:\/\/poseidontours.al\/#website\"},\"datePublished\":\"2020-12-08T03:53:49+00:00\",\"dateModified\":\"2023-12-21T16:46:14+00:00\",\"breadcrumb\":{\"@id\":\"https:\/\/poseidontours.al\/gallery\/#breadcrumb\"},\"inLanguage\":\"sq\",\"potentialAction\":[{\"@type\":\"ReadAction\",\"target\":[\"https:\/\/poseidontours.al\/gallery\/\"]}]},{\"@type\":\"BreadcrumbList\",\"@id\":\"https:\/\/poseidontours.al\/gallery\/#breadcrumb\",\"itemListElement\":[{\"@type\":\"ListItem\",\"position\":1,\"name\":\"Home\",\"item\":\"https:\/\/poseidontours.al\/\"},{\"@type\":\"ListItem\",\"position\":2,\"name\":\"Gallery\"}]},{\"@type\":\"WebSite\",\"@id\":\"https:\/\/poseidontours.al\/#website\",\"url\":\"https:\/\/poseidontours.al\/\",\"name\":\"Poseidon\",\"description\":\"Welcome to our Trip and Tour Agency.\",\"publisher\":{\"@id\":\"https:\/\/poseidontours.al\/#organization\"},\"potentialAction\":[{\"@type\":\"SearchAction\",\"target\":{\"@type\":\"EntryPoint\",\"urlTemplate\":\"https:\/\/poseidontours.al\/?s={search_term_string}\"},\"query-input\":\"required name=search_term_string\"}],\"inLanguage\":\"sq\"},{\"@type\":\"Organization\",\"@id\":\"https:\/\/poseidontours.al\/#organization\",\"name\":\"Poseidon\",\"url\":\"https:\/\/poseidontours.al\/\",\"logo\":{\"@type\":\"ImageObject\",\"inLanguage\":\"sq\",\"@id\":\"https:\/\/poseidontours.al\/#\/schema\/logo\/image\/\",\"url\":\"http:\/\/poseidontours.al\/wp-content\/uploads\/2023\/10\/Asset-2.png\",\"contentUrl\":\"http:\/\/poseidontours.al\/wp-content\/uploads\/2023\/10\/Asset-2.png\",\"width\":2712,\"height\":1433,\"caption\":\"Poseidon\"},\"image\":{\"@id\":\"https:\/\/poseidontours.al\/#\/schema\/logo\/image\/\"},\"sameAs\":[\"https:\/\/www.facebook.com\/profile.php?id=100003494104939&mibextid=ZbWKwL\"]}]}<\/script>\n<!-- \/ Yoast SEO plugin. -->","yoast_head_json":{"title":"Gallery - Poseidon","robots":{"index":"index","follow":"follow","max-snippet":"max-snippet:-1","max-image-preview":"max-image-preview:large","max-video-preview":"max-video-preview:-1"},"canonical":"https:\/\/poseidontours.al\/sq\/gallery\/","og_locale":"sq_AL","og_type":"article","og_title":"Gallery - Poseidon","og_description":"Explore Albania People Don\u2019t Take, Trips Take People Kalaja e Lekuresit Berat Korce Gjirokaster Apolonia Theth Permet Theth Plan your trip with us Ready for an unforgetable tour? Book Tour&hellip;","og_url":"https:\/\/poseidontours.al\/sq\/gallery\/","og_site_name":"Poseidon","article_publisher":"https:\/\/www.facebook.com\/profile.php?id=100003494104939&mibextid=ZbWKwL","article_modified_time":"2023-12-21T16:46:14+00:00","og_image":[{"url":"http:\/\/poseidontours.al\/wp-content\/uploads\/2023\/12\/WhatsApp-Image-2023-12-20-at-18.55.06-600x600.jpeg"}],"twitter_card":"summary_large_image","twitter_misc":{"Est. reading time":"2 minuta"},"schema":{"@context":"https:\/\/schema.org","@graph":[{"@type":"WebPage","@id":"https:\/\/poseidontours.al\/gallery\/","url":"https:\/\/poseidontours.al\/gallery\/","name":"Gallery - Poseidon","isPartOf":{"@id":"https:\/\/poseidontours.al\/#website"},"datePublished":"2020-12-08T03:53:49+00:00","dateModified":"2023-12-21T16:46:14+00:00","breadcrumb":{"@id":"https:\/\/poseidontours.al\/gallery\/#breadcrumb"},"inLanguage":"sq","potentialAction":[{"@type":"ReadAction","target":["https:\/\/poseidontours.al\/gallery\/"]}]},{"@type":"BreadcrumbList","@id":"https:\/\/poseidontours.al\/gallery\/#breadcrumb","itemListElement":[{"@type":"ListItem","position":1,"name":"Home","item":"https:\/\/poseidontours.al\/"},{"@type":"ListItem","position":2,"name":"Gallery"}]},{"@type":"WebSite","@id":"https:\/\/poseidontours.al\/#website","url":"https:\/\/poseidontours.al\/","name":"Poseidon","description":"Welcome to our Trip and Tour Agency.","publisher":{"@id":"https:\/\/poseidontours.al\/#organization"},"potentialAction":[{"@type":"SearchAction","target":{"@type":"EntryPoint","urlTemplate":"https:\/\/poseidontours.al\/?s={search_term_string}"},"query-input":"required name=search_term_string"}],"inLanguage":"sq"},{"@type":"Organization","@id":"https:\/\/poseidontours.al\/#organization","name":"Poseidon","url":"https:\/\/poseidontours.al\/","logo":{"@type":"ImageObject","inLanguage":"sq","@id":"https:\/\/poseidontours.al\/#\/schema\/logo\/image\/","url":"http:\/\/poseidontours.al\/wp-content\/uploads\/2023\/10\/Asset-2.png","contentUrl":"http:\/\/poseidontours.al\/wp-content\/uploads\/2023\/10\/Asset-2.png","width":2712,"height":1433,"caption":"Poseidon"},"image":{"@id":"https:\/\/poseidontours.al\/#\/schema\/logo\/image\/"},"sameAs":["https:\/\/www.facebook.com\/profile.php?id=100003494104939&mibextid=ZbWKwL"]}]}},"_links":{"self":[{"href":"https:\/\/poseidontours.al\/sq\/wp-json\/wp\/v2\/pages\/23"}],"collection":[{"href":"https:\/\/poseidontours.al\/sq\/wp-json\/wp\/v2\/pages"}],"about":[{"href":"https:\/\/poseidontours.al\/sq\/wp-json\/wp\/v2\/types\/page"}],"author":[{"embeddable":true,"href":"https:\/\/poseidontours.al\/sq\/wp-json\/wp\/v2\/users\/1"}],"replies":[{"embeddable":true,"href":"https:\/\/poseidontours.al\/sq\/wp-json\/wp\/v2\/comments?post=23"}],"version-history":[{"count":24,"href":"https:\/\/poseidontours.al\/sq\/wp-json\/wp\/v2\/pages\/23\/revisions"}],"predecessor-version":[{"id":1860,"href":"https:\/\/poseidontours.al\/sq\/wp-json\/wp\/v2\/pages\/23\/revisions\/1860"}],"wp:attachment":[{"href":"https:\/\/poseidontours.al\/sq\/wp-json\/wp\/v2\/media?parent=23"}],"curies":[{"name":"wp","href":"https:\/\/api.w.org\/{rel}","templated":true}]}}