{"id":25,"date":"2020-12-08T03:54:06","date_gmt":"2020-12-08T03:54:06","guid":{"rendered":"https:\/\/gaviaspreview.com\/wp\/tevily\/?page_id=25"},"modified":"2023-12-19T19:10:44","modified_gmt":"2023-12-19T19:10:44","slug":"news","status":"publish","type":"page","link":"https:\/\/poseidontours.al\/sq\/news\/","title":{"rendered":"Lajme"},"content":{"rendered":"<div data-elementor-type=\"wp-page\" data-elementor-id=\"25\" class=\"elementor elementor-25\">\n\t\t\t\t\t\t<div class=\"elementor-inner\">\n\t\t\t\t<div class=\"elementor-section-wrap\">\n\t\t\t\t\t\t\t\t\t<section class=\"elementor-section elementor-top-section elementor-element elementor-element-59f29e4 elementor-section-full_width elementor-section-height-default elementor-section-height-default row-top\" data-id=\"59f29e4\" data-element_type=\"section\">\n\t\t\t\t\t\t<div class=\"elementor-container elementor-column-gap-default\">\n\t\t\t\t\t\t\t<div class=\"elementor-row\">\n\t\t\t\t\t<div class=\"elementor-column elementor-col-100 elementor-top-column elementor-element elementor-element-6754167\" data-id=\"6754167\" data-element_type=\"column\">\n\t\t\t<div class=\"elementor-column-wrap elementor-element-populated\">\n\t\t\t\t\t\t\t<div class=\"elementor-widget-wrap\">\n\t\t\t\t\t\t<div class=\"elementor-element elementor-element-458306b elementor-widget elementor-widget-gva_post_breadcrumb\" data-id=\"458306b\" data-element_type=\"widget\" data-widget_type=\"gva_post_breadcrumb.default\">\n\t\t\t\t<div class=\"elementor-widget-container\">\n\t\t\t<div class=\"gva-element-gva_post_breadcrumb gva-element\">   \r\n<div class=\"post-breadcrumb\">\r\n   <div class=\"custom-breadcrumb\" >\r\n            <div class=\"breadcrumb-main\">\r\n        <div class=\"container\">\r\n          <div class=\"breadcrumb-container-inner\">\r\n            <h2 class=\"heading-title\">Lajme<\/h2><ol class=\"breadcrumb\"><li><a href=\"https:\/\/poseidontours.al\/sq\">Home<\/a> <\/li> <li class=\"active\">Faqe<\/li><\/ol>          <\/div>  \r\n        <\/div>   \r\n      <\/div>  \r\n   <\/div>\r\n<\/div>      \r\n\r\n<\/div>\t\t<\/div>\n\t\t\t\t<\/div>\n\t\t\t\t\t\t<\/div>\n\t\t\t\t\t<\/div>\n\t\t<\/div>\n\t\t\t\t\t\t\t\t<\/div>\n\t\t\t\t\t<\/div>\n\t\t<\/section>\n\t\t\t\t<section class=\"elementor-section elementor-top-section elementor-element elementor-element-1fbe8dbc elementor-section-boxed elementor-section-height-default elementor-section-height-default row-top\" data-id=\"1fbe8dbc\" data-element_type=\"section\">\n\t\t\t\t\t\t<div class=\"elementor-container elementor-column-gap-default\">\n\t\t\t\t\t\t\t<div class=\"elementor-row\">\n\t\t\t\t\t<div class=\"elementor-column elementor-col-100 elementor-top-column elementor-element elementor-element-505d4390\" data-id=\"505d4390\" data-element_type=\"column\">\n\t\t\t<div class=\"elementor-column-wrap elementor-element-populated\">\n\t\t\t\t\t\t\t<div class=\"elementor-widget-wrap\">\n\t\t\t\t\t\t<div class=\"elementor-element elementor-element-962a554 elementor-widget elementor-widget-gva-posts\" data-id=\"962a554\" data-element_type=\"widget\" data-widget_type=\"gva-posts.default\">\n\t\t\t\t<div class=\"elementor-widget-container\">\n\t\t\t<div class=\"gva-element-gva-posts gva-element\">  \r\n  <div class=\"gva-posts-grid clearfix gva-posts\">\r\n\t\t<div class=\"gva-content-items\"> \r\n\t\t  <div class=\"lg-block-grid-3 md-block-grid-3 sm-block-grid-2 xs-block-grid-2 xx-block-grid-1\">\r\n\t\t\t <div class=\"item-columns\">\r\n   <article id=\"post-1528\" class=\"post post-style-1 post-1528 type-post status-publish format-standard has-post-thumbnail hentry category-life-style-sq\">\r\n      \r\n               <div class=\"post-thumbnail\">\r\n            <a href=\"https:\/\/poseidontours.al\/sq\/sites\/\">\r\n               <img fetchpriority=\"high\" decoding=\"async\" width=\"580\" height=\"450\" src=\"https:\/\/poseidontours.al\/wp-content\/uploads\/2023\/12\/WhatsApp-Image-2023-12-07-at-4.00.34-PM-1-580x450.jpeg\" class=\"attachment-tevily_medium size-tevily_medium wp-post-image\" alt=\"Sites\" \/>            <\/a>\r\n                           <div class=\"entry-date\">\r\n                  <span class=\"date\">05<\/span>\r\n                  <span class=\"month\">Dhj<\/span>\r\n               <\/div>\r\n                     <\/div>   \r\n         \r\n\r\n      <div class=\"entry-content has-thumbnail\">\r\n         <div class=\"content-inner\">\r\n            <div class=\"entry-meta\">\r\n               <div class=\"clearfix meta-inline post-meta-1\"><span class=\"author vcard\"><i class=\"far fa-user-circle\"><\/i>admin<\/span><span class=\"post-comment\"><i class=\"far fa-comments\"><\/i>0 Comments<\/span><\/div>            <\/div> \r\n            <h3 class=\"entry-title\"><a href=\"https:\/\/poseidontours.al\/sq\/sites\/\" rel=\"bookmark\">Faqet<\/a><\/h3>\r\n                           <div class=\"entry-desc\">\r\n                  Berati Ky qytet 2416 vje\u00e7ar, nj\u00eb nga qytetet m\u00eb t\u00eb vjetra t\u00eb Shqip\u00ebris\u00eb. Berat, i caktuar               <\/div>   \r\n                        <div class=\"read-more\">\r\n               <a class=\"btn-inline\" href=\"https:\/\/poseidontours.al\/sq\/sites\/\">Read more<\/a>\r\n            <\/div>\r\n         <\/div>\r\n\r\n      <\/div>\r\n   <\/article>   \r\n\r\n  <\/div><div class=\"item-columns\">\r\n   <article id=\"post-1525\" class=\"post post-style-1 post-1525 type-post status-publish format-standard has-post-thumbnail hentry category-technology\">\r\n      \r\n               <div class=\"post-thumbnail\">\r\n            <a href=\"https:\/\/poseidontours.al\/sq\/hiking\/\">\r\n               <img decoding=\"async\" width=\"580\" height=\"450\" src=\"https:\/\/poseidontours.al\/wp-content\/uploads\/2023\/12\/WhatsApp-Image-2023-11-16-at-10.13.39-1-580x450.jpeg\" class=\"attachment-tevily_medium size-tevily_medium wp-post-image\" alt=\"Hiking\" \/>            <\/a>\r\n                           <div class=\"entry-date\">\r\n                  <span class=\"date\">05<\/span>\r\n                  <span class=\"month\">Dhj<\/span>\r\n               <\/div>\r\n                     <\/div>   \r\n         \r\n\r\n      <div class=\"entry-content has-thumbnail\">\r\n         <div class=\"content-inner\">\r\n            <div class=\"entry-meta\">\r\n               <div class=\"clearfix meta-inline post-meta-1\"><span class=\"author vcard\"><i class=\"far fa-user-circle\"><\/i>admin<\/span><span class=\"post-comment\"><i class=\"far fa-comments\"><\/i>0 Comments<\/span><\/div>            <\/div> \r\n            <h3 class=\"entry-title\"><a href=\"https:\/\/poseidontours.al\/sq\/hiking\/\" rel=\"bookmark\">Hiking<\/a><\/h3>\r\n                           <div class=\"entry-desc\">\r\n                  Ecni n\u00eb malin e Gamit me liqenin e Bovill\u00ebs nj\u00eb tur ditor me pamje nga Tirana, udh\u00ebtar\u00ebt aktiv\u00eb q\u00eb duan               <\/div>   \r\n                        <div class=\"read-more\">\r\n               <a class=\"btn-inline\" href=\"https:\/\/poseidontours.al\/sq\/hiking\/\">Read more<\/a>\r\n            <\/div>\r\n         <\/div>\r\n\r\n      <\/div>\r\n   <\/article>   \r\n\r\n  <\/div><div class=\"item-columns\">\r\n   <article id=\"post-1522\" class=\"post post-style-1 post-1522 type-post status-publish format-standard has-post-thumbnail hentry category-life-style-sq\">\r\n      \r\n               <div class=\"post-thumbnail\">\r\n            <a href=\"https:\/\/poseidontours.al\/sq\/delicious-food-in-albania\/\">\r\n               <img decoding=\"async\" width=\"580\" height=\"426\" src=\"https:\/\/poseidontours.al\/wp-content\/uploads\/2023\/12\/maxresdefault-758x426-1-580x426.jpg\" class=\"attachment-tevily_medium size-tevily_medium wp-post-image\" alt=\"Delicious food in Albania\" \/>            <\/a>\r\n                           <div class=\"entry-date\">\r\n                  <span class=\"date\">05<\/span>\r\n                  <span class=\"month\">Dhj<\/span>\r\n               <\/div>\r\n                     <\/div>   \r\n         \r\n\r\n      <div class=\"entry-content has-thumbnail\">\r\n         <div class=\"content-inner\">\r\n            <div class=\"entry-meta\">\r\n               <div class=\"clearfix meta-inline post-meta-1\"><span class=\"author vcard\"><i class=\"far fa-user-circle\"><\/i>admin<\/span><span class=\"post-comment\"><i class=\"far fa-comments\"><\/i>0 Comments<\/span><\/div>            <\/div> \r\n            <h3 class=\"entry-title\"><a href=\"https:\/\/poseidontours.al\/sq\/delicious-food-in-albania\/\" rel=\"bookmark\">Ushqime t\u00eb shijshme n\u00eb Shqip\u00ebri<\/a><\/h3>\r\n                           <div class=\"entry-desc\">\r\n                  Nj\u00eb nga arsyet m\u00eb t\u00eb mira pse \u00e7dokush duhet t\u00eb p\u00ebrfshij\u00eb Shqip\u00ebrin\u00eb n\u00eb kov\u00ebn e tij               <\/div>   \r\n                        <div class=\"read-more\">\r\n               <a class=\"btn-inline\" href=\"https:\/\/poseidontours.al\/sq\/delicious-food-in-albania\/\">Read more<\/a>\r\n            <\/div>\r\n         <\/div>\r\n\r\n      <\/div>\r\n   <\/article>   \r\n\r\n  <\/div><div class=\"item-columns\">\r\n   <article id=\"post-1421\" class=\"post post-style-1 post-1421 type-post status-publish format-standard has-post-thumbnail hentry category-bussiness-sq category-life-style-sq tag-aventura-sq tag-beach tag-lifestyle\">\r\n      \r\n               <div class=\"post-thumbnail\">\r\n            <a href=\"https:\/\/poseidontours.al\/sq\/transport-in-albania\/\">\r\n               <img loading=\"lazy\" decoding=\"async\" width=\"580\" height=\"450\" src=\"https:\/\/poseidontours.al\/wp-content\/uploads\/2023\/10\/pro-Kr3HXVzR-580x450.jpeg\" class=\"attachment-tevily_medium size-tevily_medium wp-post-image\" alt=\"Transport in Albania\" \/>            <\/a>\r\n                           <div class=\"entry-date\">\r\n                  <span class=\"date\">17<\/span>\r\n                  <span class=\"month\">Tet<\/span>\r\n               <\/div>\r\n                     <\/div>   \r\n         \r\n\r\n      <div class=\"entry-content has-thumbnail\">\r\n         <div class=\"content-inner\">\r\n            <div class=\"entry-meta\">\r\n               <div class=\"clearfix meta-inline post-meta-1\"><span class=\"author vcard\"><i class=\"far fa-user-circle\"><\/i>admin<\/span><span class=\"post-comment\"><i class=\"far fa-comments\"><\/i>0 Comments<\/span><\/div>            <\/div> \r\n            <h3 class=\"entry-title\"><a href=\"https:\/\/poseidontours.al\/sq\/transport-in-albania\/\" rel=\"bookmark\">Transporti ne Shqiperi<\/a><\/h3>\r\n                           <div class=\"entry-desc\">\r\n                  Ka shum\u00eb variacione t\u00eb, por shumica kan\u00eb thjesht tekst falas n\u00eb dispozicion nuk kan\u00eb p\u00ebsuar.               <\/div>   \r\n                        <div class=\"read-more\">\r\n               <a class=\"btn-inline\" href=\"https:\/\/poseidontours.al\/sq\/transport-in-albania\/\">Read more<\/a>\r\n            <\/div>\r\n         <\/div>\r\n\r\n      <\/div>\r\n   <\/article>   \r\n\r\n  <\/div><div class=\"item-columns\">\r\n   <article id=\"post-1189\" class=\"post post-style-1 post-1189 type-post status-publish format-standard has-post-thumbnail hentry category-bussiness category-life-style tag-adventure tag-beach tag-lifestyle\">\r\n      \r\n               <div class=\"post-thumbnail\">\r\n            <a href=\"https:\/\/poseidontours.al\/sq\/landmarks-in-south-of-albania\/\">\r\n               <img loading=\"lazy\" decoding=\"async\" width=\"580\" height=\"450\" src=\"https:\/\/poseidontours.al\/wp-content\/uploads\/2023\/10\/WhatsApp-Image-2023-11-16-at-10.13.38-1-580x450.jpeg\" class=\"attachment-tevily_medium size-tevily_medium wp-post-image\" alt=\"Landmarks in south of Albania\" \/>            <\/a>\r\n                           <div class=\"entry-date\">\r\n                  <span class=\"date\">17<\/span>\r\n                  <span class=\"month\">Tet<\/span>\r\n               <\/div>\r\n                     <\/div>   \r\n         \r\n\r\n      <div class=\"entry-content has-thumbnail\">\r\n         <div class=\"content-inner\">\r\n            <div class=\"entry-meta\">\r\n               <div class=\"clearfix meta-inline post-meta-1\"><span class=\"author vcard\"><i class=\"far fa-user-circle\"><\/i>admin<\/span><span class=\"post-comment\"><i class=\"far fa-comments\"><\/i>0 Comments<\/span><\/div>            <\/div> \r\n            <h3 class=\"entry-title\"><a href=\"https:\/\/poseidontours.al\/sq\/landmarks-in-south-of-albania\/\" rel=\"bookmark\">Pika historike n\u00eb jug t\u00eb Shqip\u00ebris\u00eb<\/a><\/h3>\r\n                           <div class=\"entry-desc\">\r\n                  Ka shum\u00eb variacione t\u00eb, por shumica kan\u00eb thjesht tekst falas n\u00eb dispozicion nuk kan\u00eb p\u00ebsuar.               <\/div>   \r\n                        <div class=\"read-more\">\r\n               <a class=\"btn-inline\" href=\"https:\/\/poseidontours.al\/sq\/landmarks-in-south-of-albania\/\">Read more<\/a>\r\n            <\/div>\r\n         <\/div>\r\n\r\n      <\/div>\r\n   <\/article>   \r\n\r\n  <\/div>\t\t  <\/div>\r\n\t\t<\/div>\r\n\t\t\t\t\t <div class=\"pagination\">\r\n\t\t\t\t  \t\t\t <\/div>\r\n\t\t  <\/div>\r\n  <\/div>\t\t<\/div>\n\t\t\t\t<\/div>\n\t\t\t\t\t\t<\/div>\n\t\t\t\t\t<\/div>\n\t\t<\/div>\n\t\t\t\t\t\t\t\t<\/div>\n\t\t\t\t\t<\/div>\n\t\t<\/section>\n\t\t\t\t\t\t\t\t\t<\/div>\n\t\t\t<\/div>\n\t\t\t\t\t<\/div>","protected":false},"excerpt":{"rendered":"<p>News Home Page 05 Dec admin0 Comments Sites Berat This 2416 years old city, one of the olsdiest cities in Albaia. Berat, designated Read more 05 Dec admin0 Comments Hiking&hellip;<\/p>","protected":false},"author":1,"featured_media":0,"parent":0,"menu_order":0,"comment_status":"closed","ping_status":"closed","template":"","meta":{"footnotes":""},"yoast_head":"<!-- This site is optimized with the Yoast SEO plugin v21.7 - https:\/\/yoast.com\/wordpress\/plugins\/seo\/ -->\n<title>News - Poseidon<\/title>\n<meta name=\"robots\" content=\"index, follow, max-snippet:-1, max-image-preview:large, max-video-preview:-1\" \/>\n<link rel=\"canonical\" href=\"https:\/\/poseidontours.al\/sq\/news\/\" \/>\n<meta property=\"og:locale\" content=\"sq_AL\" \/>\n<meta property=\"og:type\" content=\"article\" \/>\n<meta property=\"og:title\" content=\"News - Poseidon\" \/>\n<meta property=\"og:description\" content=\"News Home Page 05 Dec admin0 Comments Sites Berat This 2416 years old city, one of the olsdiest cities in Albaia. Berat, designated Read more 05 Dec admin0 Comments Hiking&hellip;\" \/>\n<meta property=\"og:url\" content=\"https:\/\/poseidontours.al\/sq\/news\/\" \/>\n<meta property=\"og:site_name\" content=\"Poseidon\" \/>\n<meta property=\"article:publisher\" content=\"https:\/\/www.facebook.com\/profile.php?id=100003494104939&amp;mibextid=ZbWKwL\" \/>\n<meta property=\"article:modified_time\" content=\"2023-12-19T19:10:44+00:00\" \/>\n<meta property=\"og:image\" content=\"http:\/\/poseidontours.al\/wp-content\/uploads\/2023\/12\/WhatsApp-Image-2023-12-07-at-4.00.34-PM-1-580x450.jpeg\" \/>\n<meta name=\"twitter:card\" content=\"summary_large_image\" \/>\n<meta name=\"twitter:label1\" content=\"Est. reading time\" \/>\n\t<meta name=\"twitter:data1\" content=\"2 minuta\" \/>\n<script type=\"application\/ld+json\" class=\"yoast-schema-graph\">{\"@context\":\"https:\/\/schema.org\",\"@graph\":[{\"@type\":\"WebPage\",\"@id\":\"https:\/\/poseidontours.al\/news\/\",\"url\":\"https:\/\/poseidontours.al\/news\/\",\"name\":\"News - Poseidon\",\"isPartOf\":{\"@id\":\"https:\/\/poseidontours.al\/#website\"},\"datePublished\":\"2020-12-08T03:54:06+00:00\",\"dateModified\":\"2023-12-19T19:10:44+00:00\",\"breadcrumb\":{\"@id\":\"https:\/\/poseidontours.al\/news\/#breadcrumb\"},\"inLanguage\":\"sq\",\"potentialAction\":[{\"@type\":\"ReadAction\",\"target\":[\"https:\/\/poseidontours.al\/news\/\"]}]},{\"@type\":\"BreadcrumbList\",\"@id\":\"https:\/\/poseidontours.al\/news\/#breadcrumb\",\"itemListElement\":[{\"@type\":\"ListItem\",\"position\":1,\"name\":\"Home\",\"item\":\"https:\/\/poseidontours.al\/\"},{\"@type\":\"ListItem\",\"position\":2,\"name\":\"News\"}]},{\"@type\":\"WebSite\",\"@id\":\"https:\/\/poseidontours.al\/#website\",\"url\":\"https:\/\/poseidontours.al\/\",\"name\":\"Poseidon\",\"description\":\"Welcome to our Trip and Tour Agency.\",\"publisher\":{\"@id\":\"https:\/\/poseidontours.al\/#organization\"},\"potentialAction\":[{\"@type\":\"SearchAction\",\"target\":{\"@type\":\"EntryPoint\",\"urlTemplate\":\"https:\/\/poseidontours.al\/?s={search_term_string}\"},\"query-input\":\"required name=search_term_string\"}],\"inLanguage\":\"sq\"},{\"@type\":\"Organization\",\"@id\":\"https:\/\/poseidontours.al\/#organization\",\"name\":\"Poseidon\",\"url\":\"https:\/\/poseidontours.al\/\",\"logo\":{\"@type\":\"ImageObject\",\"inLanguage\":\"sq\",\"@id\":\"https:\/\/poseidontours.al\/#\/schema\/logo\/image\/\",\"url\":\"http:\/\/poseidontours.al\/wp-content\/uploads\/2023\/10\/Asset-2.png\",\"contentUrl\":\"http:\/\/poseidontours.al\/wp-content\/uploads\/2023\/10\/Asset-2.png\",\"width\":2712,\"height\":1433,\"caption\":\"Poseidon\"},\"image\":{\"@id\":\"https:\/\/poseidontours.al\/#\/schema\/logo\/image\/\"},\"sameAs\":[\"https:\/\/www.facebook.com\/profile.php?id=100003494104939&mibextid=ZbWKwL\"]}]}<\/script>\n<!-- \/ Yoast SEO plugin. -->","yoast_head_json":{"title":"News - Poseidon","robots":{"index":"index","follow":"follow","max-snippet":"max-snippet:-1","max-image-preview":"max-image-preview:large","max-video-preview":"max-video-preview:-1"},"canonical":"https:\/\/poseidontours.al\/sq\/news\/","og_locale":"sq_AL","og_type":"article","og_title":"News - Poseidon","og_description":"News Home Page 05 Dec admin0 Comments Sites Berat This 2416 years old city, one of the olsdiest cities in Albaia. Berat, designated Read more 05 Dec admin0 Comments Hiking&hellip;","og_url":"https:\/\/poseidontours.al\/sq\/news\/","og_site_name":"Poseidon","article_publisher":"https:\/\/www.facebook.com\/profile.php?id=100003494104939&mibextid=ZbWKwL","article_modified_time":"2023-12-19T19:10:44+00:00","og_image":[{"url":"http:\/\/poseidontours.al\/wp-content\/uploads\/2023\/12\/WhatsApp-Image-2023-12-07-at-4.00.34-PM-1-580x450.jpeg"}],"twitter_card":"summary_large_image","twitter_misc":{"Est. reading time":"2 minuta"},"schema":{"@context":"https:\/\/schema.org","@graph":[{"@type":"WebPage","@id":"https:\/\/poseidontours.al\/news\/","url":"https:\/\/poseidontours.al\/news\/","name":"News - Poseidon","isPartOf":{"@id":"https:\/\/poseidontours.al\/#website"},"datePublished":"2020-12-08T03:54:06+00:00","dateModified":"2023-12-19T19:10:44+00:00","breadcrumb":{"@id":"https:\/\/poseidontours.al\/news\/#breadcrumb"},"inLanguage":"sq","potentialAction":[{"@type":"ReadAction","target":["https:\/\/poseidontours.al\/news\/"]}]},{"@type":"BreadcrumbList","@id":"https:\/\/poseidontours.al\/news\/#breadcrumb","itemListElement":[{"@type":"ListItem","position":1,"name":"Home","item":"https:\/\/poseidontours.al\/"},{"@type":"ListItem","position":2,"name":"News"}]},{"@type":"WebSite","@id":"https:\/\/poseidontours.al\/#website","url":"https:\/\/poseidontours.al\/","name":"Poseidon","description":"Welcome to our Trip and Tour Agency.","publisher":{"@id":"https:\/\/poseidontours.al\/#organization"},"potentialAction":[{"@type":"SearchAction","target":{"@type":"EntryPoint","urlTemplate":"https:\/\/poseidontours.al\/?s={search_term_string}"},"query-input":"required name=search_term_string"}],"inLanguage":"sq"},{"@type":"Organization","@id":"https:\/\/poseidontours.al\/#organization","name":"Poseidon","url":"https:\/\/poseidontours.al\/","logo":{"@type":"ImageObject","inLanguage":"sq","@id":"https:\/\/poseidontours.al\/#\/schema\/logo\/image\/","url":"http:\/\/poseidontours.al\/wp-content\/uploads\/2023\/10\/Asset-2.png","contentUrl":"http:\/\/poseidontours.al\/wp-content\/uploads\/2023\/10\/Asset-2.png","width":2712,"height":1433,"caption":"Poseidon"},"image":{"@id":"https:\/\/poseidontours.al\/#\/schema\/logo\/image\/"},"sameAs":["https:\/\/www.facebook.com\/profile.php?id=100003494104939&mibextid=ZbWKwL"]}]}},"_links":{"self":[{"href":"https:\/\/poseidontours.al\/sq\/wp-json\/wp\/v2\/pages\/25"}],"collection":[{"href":"https:\/\/poseidontours.al\/sq\/wp-json\/wp\/v2\/pages"}],"about":[{"href":"https:\/\/poseidontours.al\/sq\/wp-json\/wp\/v2\/types\/page"}],"author":[{"embeddable":true,"href":"https:\/\/poseidontours.al\/sq\/wp-json\/wp\/v2\/users\/1"}],"replies":[{"embeddable":true,"href":"https:\/\/poseidontours.al\/sq\/wp-json\/wp\/v2\/comments?post=25"}],"version-history":[{"count":3,"href":"https:\/\/poseidontours.al\/sq\/wp-json\/wp\/v2\/pages\/25\/revisions"}],"predecessor-version":[{"id":1844,"href":"https:\/\/poseidontours.al\/sq\/wp-json\/wp\/v2\/pages\/25\/revisions\/1844"}],"wp:attachment":[{"href":"https:\/\/poseidontours.al\/sq\/wp-json\/wp\/v2\/media?parent=25"}],"curies":[{"name":"wp","href":"https:\/\/api.w.org\/{rel}","templated":true}]}}